{"id":1065,"date":"2024-03-14T09:52:30","date_gmt":"2024-03-14T09:52:30","guid":{"rendered":"http:\/\/townhouse.studio\/?page_id=1065"},"modified":"2025-03-17T10:09:28","modified_gmt":"2025-03-17T10:09:28","slug":"home-v2","status":"publish","type":"page","link":"https:\/\/townhouse.studio\/es\/","title":{"rendered":"Inicio"},"content":{"rendered":"<div class=\"wpb-content-wrapper\"><div data-parent=\"true\" class=\"vc_row has-bg need-focus style-accent-bg row-container\" id=\"row-unique-0\"><div class=\"row double-top-padding double-bottom-padding single-h-padding limit-width row-parent\"><div class=\"wpb_row row-inner\"><div class=\"wpb_column pos-top pos-center align_left column_parent col-lg-3 single-internal-gutter\"><div class=\"uncol style-light\"  ><div class=\"uncoltable\"><div class=\"uncell no-block-padding\" ><div class=\"uncont\" ><\/div><\/div><\/div><\/div><\/div><div class=\"wpb_column pos-middle pos-center align_center column_parent col-lg-6 single-internal-gutter\"><div class=\"uncol style-light\"  ><div class=\"uncoltable\"><div class=\"uncell no-block-padding\" ><div class=\"uncont\" ><div class=\"uncode_text_column text-lead\" ><\/p>\n<p class=\"p1\">Townhouse Studio es un estudio boutique de arquitectura y dise\u00f1o de interiores que trabaja con apasionados amantes de la propiedad y n\u00f3madas digitales de todo el mundo para ofrecer excelentes servicios de dise\u00f1o de interiores en l\u00ednea.<\/p>\n<p class=\"p1\">Si comparte nuestra pasi\u00f3n por crear magia inmobiliaria para casas y villas residenciales, apartamentos, hoteles, negocios y espacios creativos, puede reservar una <strong>Consulta gratis<\/strong> con nosotros y podemos apoyarle en su viaje.<\/p>\n<p>\n<\/div><div class=\"vc_row row-internal row-container\"><div class=\"row row-child\"><div class=\"wpb_row row-inner\"><div class=\"wpb_column pos-top pos-center align_center column_child col-lg-12 one-internal-gutter\"><div class=\"uncol style-spec style-dark\" ><div class=\"uncoltable\"><div class=\"uncell no-block-padding\" ><div class=\"uncont\" ><span class=\"btn-container\" ><a role=\"button\"  href=\"https:\/\/townhouse.studio\/es\/consulta\/\" class=\"custom-link btn border-width-0 btn-color-jevc btn-icon-left\" title=\"Reserve Consulta GRATUITA\">Reserve Consulta GRATUITA<\/a><\/span><div class=\"empty-space empty-quart\" ><span class=\"empty-space-inner\"><\/span><\/div>\n<div class=\"uncode_text_column text-small text-color-jevc-color\" ><p>Espacios de 20 minutos disponibles de lunes a viernes, de 10 a 18 horas (CET)<\/p>\n<\/div><\/div><\/div><\/div><\/div><\/div><\/div><\/div><\/div><div class=\"vc_custom_heading_wrap\"><div class=\"heading-text el-text\" ><h3 class=\"font-primary h6 font-weight-600\" ><span>Servicios que ofrecemos<\/span><\/h3><\/div><div class=\"clear\"><\/div><\/div><div class=\"vc_custom_heading_wrap\"><div class=\"heading-text el-text\" data-marquee-speed=\"\"><p class=\"font-primary h6 font-weight-400 text-uppercase un-text-marquee un-marquee un-marquee-infinite\" ><span>Dise\u00f1o de interiores \u2013 Planificaci\u00f3n del espacio \u2013 Arquitectura \u2013 Dise\u00f1o de espacios exteriores \u2013 Selecci\u00f3n de muebles \u2013 Representaci\u00f3n 3D \u2013<\/span><\/p><\/div><div class=\"clear\"><\/div><\/div><\/div><\/div><\/div><\/div><\/div><div class=\"wpb_column pos-top pos-center align_left column_parent col-lg-3 single-internal-gutter\"><div class=\"uncol style-light\"  ><div class=\"uncoltable\"><div class=\"uncell no-block-padding\" ><div class=\"uncont\" ><\/div><\/div><\/div><\/div><\/div><script id=\"script-row-unique-0\" data-row=\"script-row-unique-0\" type=\"text\/javascript\" class=\"vc_controls\">UNCODE.initRow(document.getElementById(\"row-unique-0\"));<\/script><\/div><\/div><\/div><div data-parent=\"true\" class=\"vc_row has-bg need-focus style-color-804469-bg row-container\" id=\"row-unique-1\"><div class=\"row double-top-padding double-bottom-padding double-h-padding full-width row-parent\" data-height-ratio=\"full\"><div class=\"wpb_row row-inner\"><div class=\"wpb_column pos-middle pos-center align_left column_parent col-lg-12 single-internal-gutter\"><div class=\"uncol style-light\"  ><div class=\"uncoltable\"><div class=\"uncell no-block-padding\" ><div class=\"uncont\" ><div class=\"vc_row row-internal row-container\"><div class=\"row row-child\"><div class=\"wpb_row row-inner\"><div class=\"wpb_column pos-top pos-center align_left column_child col-lg-3 single-internal-gutter z_index_2\"><div class=\"uncol style-spec style-dark\" ><div class=\"uncoltable\"><div class=\"uncell no-block-padding\" ><div class=\"uncont\" ><div class=\"vc_custom_heading_wrap\"><div class=\"heading-text el-text\" ><h2 class=\"h2 text-accent-color\" ><span>Recientes proyectos de interiorismo<\/span><\/h2><\/div><div class=\"clear\"><\/div><\/div><div class=\"uncode_text_column text-lead\" ><p>Nuestros proyectos abarcan desde el concepto hasta la ejecuci\u00f3n, selecci\u00f3n de paletas de colores, muebles y decoraciones, para que cada elemento se combine armoniosamente.<\/p>\n<\/div><span class=\"btn-container\" ><a role=\"button\"  href=\"http:\/\/townhouse.studio\/es\/interiores\/\" class=\"custom-link btn border-width-0 btn-accent btn-outline btn-icon-left\" title=\"Cocinas\">Ver todos<\/a><\/span><\/div><\/div><\/div><\/div><\/div><div class=\"wpb_column pos-top pos-center align_left column_child col-lg-9 single-internal-gutter z_index_1\"><div class=\"uncol style-light\" ><div class=\"uncoltable\"><div class=\"uncell no-block-padding\" ><div class=\"uncont\" ><div class=\"owl-carousel-wrapper\" >\n\t\t\t\t\t\t\t\t\t\t\t\t\t<div class=\"owl-carousel-container owl-carousel-loading half-gutter\" >\t\t\t\t\t\t\t\t\t\t\t\t<div id=\"index-193132\" class=\"owl-carousel owl-element owl-height-auto\" data-loop=\"true\" data-navmobile=\"true\" data-navskin=\"light\" data-navspeed=\"400\" data-autoplay=\"true\" data-timeout=\"5000\" data-stagepadding=\"0\" data-lg=\"3\" data-md=\"2\" data-sm=\"1\" data-vp-height=\"false\">\t\t\t<div class=\"tmb tmb-carousel atc-typography-inherit tmb-iso-h33 tmb-dark tmb-overlay-text-anim tmb-overlay-anim tmb-content-left tmb-content-mobile-center tmb-image-anim tmb-show-secondary tmb-meta-size-large tmb-meta-weight-400 tmb-meta-transform-uppercase  grid-cat-34 grid-cat-207 grid-cat-101 tmb-no-double-tap tmb-id-844 tmb-img-ratio tmb-content-under tmb-media-first tmb-no-bg\" ><div class=\"t-inside no-anim\" ><div class=\"t-entry-visual\"><div class=\"t-entry-visual-tc\"><div class=\"t-entry-visual-cont\"><div class=\"dummy secondary-dummy-image\" style=\"padding-top: 133.4%;background-image:url(https:\/\/townhouse.studio\/wp-content\/uploads\/2023\/09\/Pontoon-Reach-Bathroom-uai-1536x2048.jpg);\"><\/div><a role=\"button\" tabindex=\"-1\" href=\"https:\/\/townhouse.studio\/es\/projects\/interior-design\/pontoon-reach\/\" class=\"pushed\" aria-label=\"redise\u00f1o de apartamento londres\"  target=\"_self\" data-lb-index=\"0\"><div class=\"t-entry-visual-overlay\"><div class=\"t-entry-visual-overlay-in style-light-bg\" style=\"opacity: 0.01;\"><\/div><\/div><img decoding=\"async\" class=\"has-secondary-featured-image wp-image-847\" src=\"https:\/\/townhouse.studio\/wp-content\/uploads\/2023\/09\/Pontoon-Reach-Entrance-uai-1228x1638.jpg\" width=\"1228\" height=\"1638\" alt=\"redise\u00f1o de apartamento londres\" srcset=\"https:\/\/townhouse.studio\/wp-content\/uploads\/2023\/09\/Pontoon-Reach-Entrance-uai-1228x1638.jpg 1228w, https:\/\/townhouse.studio\/wp-content\/uploads\/2023\/09\/Pontoon-Reach-Entrance-uai-720x960.jpg 720w, https:\/\/townhouse.studio\/wp-content\/uploads\/2023\/09\/Pontoon-Reach-Entrance-uai-1032x1376.jpg 1032w\" sizes=\"(max-width: 1228px) 100vw, 1228px\" \/><\/a><\/div>\n\t\t\t\t\t<\/div>\n\t\t\t\t<\/div><div class=\"t-entry-text\">\n\t\t\t\t\t\t\t\t\t<div class=\"t-entry-text-tc single-block-padding\"><div class=\"t-entry\"><h3 class=\"t-entry-title h5 title-scale\"><a href=\"https:\/\/townhouse.studio\/es\/projects\/interior-design\/pontoon-reach\/\" target=\"_self\">Apartamento Pontoon Reach<\/a><\/h3><div class=\"t-entry-cf-detail-199201\">Canning Town, Londres<\/div><\/div><\/div>\n\t\t\t\t\t\t\t<\/div><\/div><\/div><div class=\"tmb tmb-carousel atc-typography-inherit tmb-iso-h33 tmb-dark tmb-overlay-text-anim tmb-overlay-anim tmb-content-left tmb-content-mobile-center tmb-image-anim tmb-show-secondary tmb-meta-size-large tmb-meta-weight-400 tmb-meta-transform-uppercase  grid-cat-34 grid-cat-207 grid-cat-143 tmb-no-double-tap tmb-id-832 tmb-img-ratio tmb-content-under tmb-media-first tmb-no-bg\" ><div class=\"t-inside no-anim\" ><div class=\"t-entry-visual\"><div class=\"t-entry-visual-tc\"><div class=\"t-entry-visual-cont\"><div class=\"dummy secondary-dummy-image\" style=\"padding-top: 133.3%;background-image:url(https:\/\/townhouse.studio\/wp-content\/uploads\/2023\/08\/Desk-Area-uai-864x1152.jpg);\"><\/div><a role=\"button\" tabindex=\"-1\" href=\"https:\/\/townhouse.studio\/es\/projects\/interior-design\/modern-home-office\/\" class=\"pushed\" aria-label=\"dise\u00f1o de oficina en casa moderna barcelona\"  target=\"_self\" data-lb-index=\"1\"><div class=\"t-entry-visual-overlay\"><div class=\"t-entry-visual-overlay-in style-light-bg\" style=\"opacity: 0.01;\"><\/div><\/div><img decoding=\"async\" class=\"has-secondary-featured-image wp-image-834\" src=\"https:\/\/townhouse.studio\/wp-content\/uploads\/2023\/08\/Apartment-Entrance-uai-864x1152.jpg\" width=\"864\" height=\"1152\" alt=\"dise\u00f1o de oficina en casa moderna barcelona\" srcset=\"https:\/\/townhouse.studio\/wp-content\/uploads\/2023\/08\/Apartment-Entrance-uai-864x1152.jpg 864w, https:\/\/townhouse.studio\/wp-content\/uploads\/2023\/08\/Apartment-Entrance-uai-720x960.jpg 720w\" sizes=\"(max-width: 864px) 100vw, 864px\" \/><\/a><\/div>\n\t\t\t\t\t<\/div>\n\t\t\t\t<\/div><div class=\"t-entry-text\">\n\t\t\t\t\t\t\t\t\t<div class=\"t-entry-text-tc single-block-padding\"><div class=\"t-entry\"><h3 class=\"t-entry-title h5 title-scale\"><a href=\"https:\/\/townhouse.studio\/es\/projects\/interior-design\/modern-home-office\/\" target=\"_self\">La oficina en casa moderna<\/a><\/h3><div class=\"t-entry-cf-detail-199201\">Barcelona, Espa\u00f1a<\/div><\/div><\/div>\n\t\t\t\t\t\t\t<\/div><\/div><\/div><div class=\"tmb tmb-carousel atc-typography-inherit tmb-iso-h33 tmb-dark tmb-overlay-text-anim tmb-overlay-anim tmb-content-left tmb-content-mobile-center tmb-image-anim tmb-show-secondary tmb-meta-size-large tmb-meta-weight-400 tmb-meta-transform-uppercase  grid-cat-34 grid-cat-101 tmb-no-double-tap tmb-id-780 tmb-img-ratio tmb-content-under tmb-media-first tmb-no-bg\" ><div class=\"t-inside no-anim\" ><div class=\"t-entry-visual\"><div class=\"t-entry-visual-tc\"><div class=\"t-entry-visual-cont\"><div class=\"dummy secondary-dummy-image\" style=\"padding-top: 133.3%;background-image:url(https:\/\/townhouse.studio\/wp-content\/uploads\/2023\/07\/Chelsea-Apartment-Living-Room-uai-864x1152.jpg);\"><\/div><a role=\"button\" tabindex=\"-1\" href=\"https:\/\/townhouse.studio\/es\/projects\/interior-design\/chelsea-apartment\/\" class=\"pushed\" aria-label=\"dise\u00f1o de cocina estudio de casa adosada en londres\"  target=\"_self\" data-lb-index=\"2\"><div class=\"t-entry-visual-overlay\"><div class=\"t-entry-visual-overlay-in style-light-bg\" style=\"opacity: 0.01;\"><\/div><\/div><img decoding=\"async\" class=\"has-secondary-featured-image wp-image-776\" src=\"https:\/\/townhouse.studio\/wp-content\/uploads\/2023\/07\/Chelsea-Apartment-Kitchen-uai-864x1152.jpg\" width=\"864\" height=\"1152\" alt=\"dise\u00f1o de cocina estudio de casa adosada en londres\" srcset=\"https:\/\/townhouse.studio\/wp-content\/uploads\/2023\/07\/Chelsea-Apartment-Kitchen-uai-864x1152.jpg 864w, https:\/\/townhouse.studio\/wp-content\/uploads\/2023\/07\/Chelsea-Apartment-Kitchen-uai-720x960.jpg 720w\" sizes=\"(max-width: 864px) 100vw, 864px\" \/><\/a><\/div>\n\t\t\t\t\t<\/div>\n\t\t\t\t<\/div><div class=\"t-entry-text\">\n\t\t\t\t\t\t\t\t\t<div class=\"t-entry-text-tc single-block-padding\"><div class=\"t-entry\"><h3 class=\"t-entry-title h5 title-scale\"><a href=\"https:\/\/townhouse.studio\/es\/projects\/interior-design\/chelsea-apartment\/\" target=\"_self\">Apartamento Chelsea<\/a><\/h3><div class=\"t-entry-cf-detail-199201\">Chelsea, Londr\u00e9s<\/div><\/div><\/div>\n\t\t\t\t\t\t\t<\/div><\/div><\/div>\t\t<\/div>\t\n\t\n\n\t<\/div>\t\t\t\t<\/div>\n<\/div><\/div><\/div><\/div><\/div><\/div><\/div><\/div><\/div><\/div><\/div><\/div><\/div><script id=\"script-row-unique-1\" data-row=\"script-row-unique-1\" type=\"text\/javascript\" class=\"vc_controls\">UNCODE.initRow(document.getElementById(\"row-unique-1\"));<\/script><\/div><\/div><\/div><div data-parent=\"true\" class=\"vc_row has-bg need-focus style-color-363389-bg row-container\" id=\"row-unique-2\"><div class=\"row double-top-padding double-bottom-padding double-h-padding full-width row-parent\" data-height-ratio=\"full\"><div class=\"wpb_row row-inner\"><div class=\"wpb_column pos-middle pos-center align_left column_parent col-lg-12 single-internal-gutter\"><div class=\"uncol style-light\"  ><div class=\"uncoltable\"><div class=\"uncell no-block-padding\" ><div class=\"uncont\" ><div class=\"vc_custom_heading_wrap\"><div class=\"heading-text el-text\" ><h2 class=\"h2\" ><span>Arquitecto principal y fundador<\/span><\/h2><\/div><div class=\"clear\"><\/div><\/div><div class=\"vc_row row-internal row-container\"><div class=\"row col-double-gutter row-child\"><div class=\"wpb_row row-inner\"><div class=\"wpb_column pos-top pos-center align_left column_child col-lg-4 single-internal-gutter\"><div class=\"uncol style-light\" ><div class=\"uncoltable\"><div class=\"uncell no-block-padding\" ><div class=\"uncont\" ><div class=\"uncode-single-media  text-left\"><div class=\"single-wrapper\" style=\"max-width: 100%;\"><div class=\"tmb tmb-light  tmb-media-first tmb-media-last tmb-content-overlay tmb-no-bg\"><div class=\"t-inside\"><div class=\"t-entry-visual\"><div class=\"t-entry-visual-tc\"><div class=\"uncode-single-media-wrapper\"><img decoding=\"async\" class=\"wp-image-2119\" src=\"https:\/\/townhouse.studio\/wp-content\/uploads\/2025\/03\/WhatsApp-Image-2025-03-14-at-12.01.50.jpeg\" width=\"1066\" height=\"1600\" alt=\"Arq. Andr\u00e9s L\u00f3pez, dise\u00f1o de interiores, arquitectura, Tulum\" srcset=\"https:\/\/townhouse.studio\/wp-content\/uploads\/2025\/03\/WhatsApp-Image-2025-03-14-at-12.01.50.jpeg 1066w, https:\/\/townhouse.studio\/wp-content\/uploads\/2025\/03\/WhatsApp-Image-2025-03-14-at-12.01.50-200x300.jpeg 200w, https:\/\/townhouse.studio\/wp-content\/uploads\/2025\/03\/WhatsApp-Image-2025-03-14-at-12.01.50-682x1024.jpeg 682w, https:\/\/townhouse.studio\/wp-content\/uploads\/2025\/03\/WhatsApp-Image-2025-03-14-at-12.01.50-768x1153.jpeg 768w, https:\/\/townhouse.studio\/wp-content\/uploads\/2025\/03\/WhatsApp-Image-2025-03-14-at-12.01.50-1023x1536.jpeg 1023w, https:\/\/townhouse.studio\/wp-content\/uploads\/2025\/03\/WhatsApp-Image-2025-03-14-at-12.01.50-8x12.jpeg 8w, https:\/\/townhouse.studio\/wp-content\/uploads\/2025\/03\/WhatsApp-Image-2025-03-14-at-12.01.50-350x525.jpeg 350w, https:\/\/townhouse.studio\/wp-content\/uploads\/2025\/03\/WhatsApp-Image-2025-03-14-at-12.01.50-uai-720x1081.jpeg 720w, https:\/\/townhouse.studio\/wp-content\/uploads\/2025\/03\/WhatsApp-Image-2025-03-14-at-12.01.50-uai-1032x1549.jpeg 1032w\" sizes=\"(max-width: 1066px) 100vw, 1066px\" \/><\/div>\n\t\t\t\t\t<\/div>\n\t\t\t\t<\/div><\/div><\/div><\/div><\/div><\/div><\/div><\/div><\/div><\/div><div class=\"wpb_column pos-top pos-center align_left column_child col-lg-4 single-internal-gutter\"><div class=\"uncol style-light\" ><div class=\"uncoltable\"><div class=\"uncell no-block-padding\" ><div class=\"uncont\" ><div class=\"vc_custom_heading_wrap\"><div class=\"heading-text el-text\" ><h3 class=\"h4\" ><span>Andr\u00e9s L\u00f3pez<\/span><\/h3><div><p>Arquitecto principal, dise\u00f1ador de interiores y fundador<\/p>\n<\/div><\/div><div class=\"clear\"><\/div><\/div><div class=\"uncode_text_column text-lead\" ><p>Como arquitecto, estoy certificado en M\u00e9xico y Espa\u00f1a con 10 a\u00f1os de experiencia en dise\u00f1o residencial donde participo en la planificaci\u00f3n, arquitectura, dise\u00f1o de interiores y gesti\u00f3n de proyectos de cada proyecto del que formo parte, considerando la mejor soluci\u00f3n para el cliente. necesidades.<\/p>\n<p>En 2023 decid\u00ed seguir un camino profesional diferente y cofund\u00e9 con mi socio Townhouse Studio para ofrecer servicios de arquitectura y dise\u00f1o de interiores digitales en todo el mundo.<\/p>\n<\/div><div class=\"vc_custom_heading_wrap\"><div class=\"heading-text el-text\" ><h3 class=\"font-primary h6\" ><span>Vamos a conectarnos<\/span><\/h3><\/div><div class=\"clear\"><\/div><\/div><div class=\"icon-box icon-box-left icon-box-space-reduced  icon-inline\" ><div class=\"icon-box-icon fa-container\" style=\"margin-bottom: 0px;\" ><a role=\"button\" href=\"https:\/\/www.linkedin.com\/in\/andr%C3%A9-l%C3%B3pez\/\" target=\"_blank\" class=\"text-default-color custom-link\"><i class=\"fa fa-linkedin fa-1x fa-fw\"><\/i><\/a><\/div><\/div><div class=\"icon-box icon-box-left icon-box-space-reduced  icon-inline\" ><div class=\"icon-box-icon fa-container\" style=\"margin-bottom: 0px;\" ><a role=\"button\" href=\"https:\/\/www.instagram.com\/andrelopezarq\/\" target=\"_blank\" class=\"text-default-color custom-link\"><i class=\"fa fa-instagram fa-1x fa-fw\"><\/i><\/a><\/div><\/div><\/div><\/div><\/div><\/div><\/div><div class=\"wpb_column pos-top pos-center align_left align_center_tablet align_center_mobile column_child col-lg-4 single-internal-gutter\"><div class=\"uncol style-light\" ><div class=\"uncoltable\"><div class=\"uncell no-block-padding\" ><div class=\"uncont\" ><div class=\"vc_custom_heading_wrap\"><div class=\"heading-text el-text\" ><p class=\"h4\" ><i><span>\u201cLo que fue seguir\u00e1 siendo. Un estilo atemporal que seguir\u00e1 ganando fuerza con el paso de los a\u00f1os\u201d.<\/span><\/i><\/p><div><p>- Andr\u00e9s L\u00f3pez<\/p>\n<\/div><\/div><div class=\"clear\"><\/div><\/div><div class=\"icon-box icon-box-top\" ><div class=\"icon-box-icon fa-container\" style=\"width:60px;margin-bottom: 0px;\" ><span class=\"text-default-color btn-disable-hover\"><span id=\"icon-989428\" style=\"width:100%\" class=\"icon-media\"><img decoding=\"async\" src=\"https:\/\/townhouse.studio\/wp-content\/uploads\/2024\/03\/Al-Signature-Vector.svg\" alt=\"\" \/><\/span><\/span><\/div><\/div><\/div><\/div><\/div><\/div><\/div><\/div><\/div><\/div><\/div><\/div><\/div><\/div><\/div><script id=\"script-row-unique-2\" data-row=\"script-row-unique-2\" type=\"text\/javascript\" class=\"vc_controls\">UNCODE.initRow(document.getElementById(\"row-unique-2\"));<\/script><\/div><\/div><\/div>\n<\/div>","protected":false},"excerpt":{"rendered":"","protected":false},"author":1,"featured_media":0,"parent":0,"menu_order":0,"comment_status":"closed","ping_status":"closed","template":"","meta":{"footnotes":""},"keywords":[],"class_list":["post-1065","page","type-page","status-publish","hentry"],"yoast_head":"<!-- This site is optimized with the Yoast SEO plugin v27.5 - https:\/\/yoast.com\/product\/yoast-seo-wordpress\/ -->\n<title>Townhouse Studio - Interior Design &amp; Architecture by Arch. Andres Lopez<\/title>\n<meta name=\"description\" content=\"We provide online interior design services for residential properties, holiday homes, boutique hotels and business spaces around the world.\" \/>\n<meta name=\"robots\" content=\"index, follow, max-snippet:-1, max-image-preview:large, max-video-preview:-1\" \/>\n<link rel=\"canonical\" href=\"https:\/\/townhouse.studio\/es\/\" \/>\n<meta property=\"og:locale\" content=\"es_ES\" \/>\n<meta property=\"og:type\" content=\"article\" \/>\n<meta property=\"og:title\" content=\"Townhouse Studio - Interior Design &amp; Architecture by Arch. Andres Lopez\" \/>\n<meta property=\"og:description\" content=\"We provide online interior design services for residential properties, holiday homes, boutique hotels and business spaces around the world.\" \/>\n<meta property=\"og:url\" content=\"https:\/\/townhouse.studio\/es\/\" \/>\n<meta property=\"og:site_name\" content=\"Townhouse Studio\" \/>\n<meta property=\"article:modified_time\" content=\"2025-03-17T10:09:28+00:00\" \/>\n<meta name=\"twitter:card\" content=\"summary_large_image\" \/>\n<meta name=\"twitter:label1\" content=\"Tiempo de lectura\" \/>\n\t<meta name=\"twitter:data1\" content=\"3 minutos\" \/>\n<script type=\"application\/ld+json\" class=\"yoast-schema-graph\">{\"@context\":\"https:\\\/\\\/schema.org\",\"@graph\":[{\"@type\":\"WebPage\",\"@id\":\"https:\\\/\\\/townhouse.studio\\\/\",\"url\":\"https:\\\/\\\/townhouse.studio\\\/\",\"name\":\"Townhouse Studio - Interior Design &amp; Architecture by Arch. Andres Lopez\",\"isPartOf\":{\"@id\":\"https:\\\/\\\/townhouse.studio\\\/#website\"},\"datePublished\":\"2024-03-14T09:52:30+00:00\",\"dateModified\":\"2025-03-17T10:09:28+00:00\",\"description\":\"We provide online interior design services for residential properties, holiday homes, boutique hotels and business spaces around the world.\",\"breadcrumb\":{\"@id\":\"https:\\\/\\\/townhouse.studio\\\/#breadcrumb\"},\"inLanguage\":\"es\",\"potentialAction\":[{\"@type\":\"ReadAction\",\"target\":[\"https:\\\/\\\/townhouse.studio\\\/\"]}]},{\"@type\":\"BreadcrumbList\",\"@id\":\"https:\\\/\\\/townhouse.studio\\\/#breadcrumb\",\"itemListElement\":[{\"@type\":\"ListItem\",\"position\":1,\"name\":\"Home\",\"item\":\"https:\\\/\\\/townhouse.studio\\\/\"},{\"@type\":\"ListItem\",\"position\":2,\"name\":\"Home\"}]},{\"@type\":\"WebSite\",\"@id\":\"https:\\\/\\\/townhouse.studio\\\/#website\",\"url\":\"https:\\\/\\\/townhouse.studio\\\/\",\"name\":\"Townhouse\",\"description\":\"Interior Design &amp; Architecture by Arch. Andres Lopez\",\"publisher\":{\"@id\":\"https:\\\/\\\/townhouse.studio\\\/#organization\"},\"potentialAction\":[{\"@type\":\"SearchAction\",\"target\":{\"@type\":\"EntryPoint\",\"urlTemplate\":\"https:\\\/\\\/townhouse.studio\\\/?s={search_term_string}\"},\"query-input\":{\"@type\":\"PropertyValueSpecification\",\"valueRequired\":true,\"valueName\":\"search_term_string\"}}],\"inLanguage\":\"es\"},{\"@type\":\"Organization\",\"@id\":\"https:\\\/\\\/townhouse.studio\\\/#organization\",\"name\":\"Townhouse Studio Ltd.\",\"url\":\"https:\\\/\\\/townhouse.studio\\\/\",\"logo\":{\"@type\":\"ImageObject\",\"inLanguage\":\"es\",\"@id\":\"https:\\\/\\\/townhouse.studio\\\/#\\\/schema\\\/logo\\\/image\\\/\",\"url\":\"http:\\\/\\\/townhouse.studio\\\/wp-content\\\/uploads\\\/2023\\\/06\\\/townhouse-logo.svg\",\"contentUrl\":\"http:\\\/\\\/townhouse.studio\\\/wp-content\\\/uploads\\\/2023\\\/06\\\/townhouse-logo.svg\",\"width\":230,\"height\":34,\"caption\":\"Townhouse Studio Ltd.\"},\"image\":{\"@id\":\"https:\\\/\\\/townhouse.studio\\\/#\\\/schema\\\/logo\\\/image\\\/\"}}]}<\/script>\n<!-- \/ Yoast SEO plugin. -->","yoast_head_json":{"title":"Estudio Townhouse - Dise\u00f1o de Interiores y Arquitectura por el Arq. Andr\u00e9s L\u00f3pez","description":"Ofrecemos servicios de dise\u00f1o de interiores en l\u00ednea para propiedades residenciales, casas de vacaciones, hoteles boutique y espacios comerciales en todo el mundo.","robots":{"index":"index","follow":"follow","max-snippet":"max-snippet:-1","max-image-preview":"max-image-preview:large","max-video-preview":"max-video-preview:-1"},"canonical":"https:\/\/townhouse.studio\/es\/","og_locale":"es_ES","og_type":"article","og_title":"Townhouse Studio - Interior Design &amp; Architecture by Arch. Andres Lopez","og_description":"We provide online interior design services for residential properties, holiday homes, boutique hotels and business spaces around the world.","og_url":"https:\/\/townhouse.studio\/es\/","og_site_name":"Townhouse Studio","article_modified_time":"2025-03-17T10:09:28+00:00","twitter_card":"summary_large_image","twitter_misc":{"Tiempo de lectura":"3 minutos"},"schema":{"@context":"https:\/\/schema.org","@graph":[{"@type":"WebPage","@id":"https:\/\/townhouse.studio\/","url":"https:\/\/townhouse.studio\/","name":"Estudio Townhouse - Dise\u00f1o de Interiores y Arquitectura por el Arq. Andr\u00e9s L\u00f3pez","isPartOf":{"@id":"https:\/\/townhouse.studio\/#website"},"datePublished":"2024-03-14T09:52:30+00:00","dateModified":"2025-03-17T10:09:28+00:00","description":"Ofrecemos servicios de dise\u00f1o de interiores en l\u00ednea para propiedades residenciales, casas de vacaciones, hoteles boutique y espacios comerciales en todo el mundo.","breadcrumb":{"@id":"https:\/\/townhouse.studio\/#breadcrumb"},"inLanguage":"es","potentialAction":[{"@type":"ReadAction","target":["https:\/\/townhouse.studio\/"]}]},{"@type":"BreadcrumbList","@id":"https:\/\/townhouse.studio\/#breadcrumb","itemListElement":[{"@type":"ListItem","position":1,"name":"Home","item":"https:\/\/townhouse.studio\/"},{"@type":"ListItem","position":2,"name":"Home"}]},{"@type":"WebSite","@id":"https:\/\/townhouse.studio\/#website","url":"https:\/\/townhouse.studio\/","name":"Townhouse","description":"Dise\u00f1o de Interiores y Arquitectura por el Arq. Andr\u00e9s L\u00f3pez","publisher":{"@id":"https:\/\/townhouse.studio\/#organization"},"potentialAction":[{"@type":"SearchAction","target":{"@type":"EntryPoint","urlTemplate":"https:\/\/townhouse.studio\/?s={search_term_string}"},"query-input":{"@type":"PropertyValueSpecification","valueRequired":true,"valueName":"search_term_string"}}],"inLanguage":"es"},{"@type":"Organization","@id":"https:\/\/townhouse.studio\/#organization","name":"Casa adosada estudio ltd.","url":"https:\/\/townhouse.studio\/","logo":{"@type":"ImageObject","inLanguage":"es","@id":"https:\/\/townhouse.studio\/#\/schema\/logo\/image\/","url":"http:\/\/townhouse.studio\/wp-content\/uploads\/2023\/06\/townhouse-logo.svg","contentUrl":"http:\/\/townhouse.studio\/wp-content\/uploads\/2023\/06\/townhouse-logo.svg","width":230,"height":34,"caption":"Townhouse Studio Ltd."},"image":{"@id":"https:\/\/townhouse.studio\/#\/schema\/logo\/image\/"}}]}},"_links":{"self":[{"href":"https:\/\/townhouse.studio\/es\/wp-json\/wp\/v2\/pages\/1065","targetHints":{"allow":["GET"]}}],"collection":[{"href":"https:\/\/townhouse.studio\/es\/wp-json\/wp\/v2\/pages"}],"about":[{"href":"https:\/\/townhouse.studio\/es\/wp-json\/wp\/v2\/types\/page"}],"author":[{"embeddable":true,"href":"https:\/\/townhouse.studio\/es\/wp-json\/wp\/v2\/users\/1"}],"replies":[{"embeddable":true,"href":"https:\/\/townhouse.studio\/es\/wp-json\/wp\/v2\/comments?post=1065"}],"version-history":[{"count":13,"href":"https:\/\/townhouse.studio\/es\/wp-json\/wp\/v2\/pages\/1065\/revisions"}],"predecessor-version":[{"id":2122,"href":"https:\/\/townhouse.studio\/es\/wp-json\/wp\/v2\/pages\/1065\/revisions\/2122"}],"wp:attachment":[{"href":"https:\/\/townhouse.studio\/es\/wp-json\/wp\/v2\/media?parent=1065"}],"wp:term":[{"taxonomy":"keywords","embeddable":true,"href":"https:\/\/townhouse.studio\/es\/wp-json\/wp\/v2\/keywords?post=1065"}],"curies":[{"name":"wp","href":"https:\/\/api.w.org\/{rel}","templated":true}]}}