{"id":1333,"date":"2024-03-24T13:10:16","date_gmt":"2024-03-24T13:10:16","guid":{"rendered":"http:\/\/townhouse.studio\/?page_id=1333"},"modified":"2024-09-07T16:15:47","modified_gmt":"2024-09-07T16:15:47","slug":"consulta","status":"publish","type":"page","link":"https:\/\/townhouse.studio\/es\/book\/","title":{"rendered":"Reserve Consulta GRATUITA"},"content":{"rendered":"<div class=\"wpb-content-wrapper\"><div data-parent=\"true\" class=\"vc_row row-container\" id=\"row-unique-0\"><div class=\"row limit-width row-parent\"><div class=\"wpb_row row-inner\"><div class=\"wpb_column pos-top pos-center align_center column_parent col-lg-12 single-internal-gutter\"><div class=\"uncol style-light\"  ><div class=\"uncoltable\"><div class=\"uncell no-block-padding\" ><div class=\"uncont\" ><div class=\"uncode-single-media  text-center\"><div class=\"single-wrapper\" style=\"max-width: 80px;\"><div class=\"tmb tmb-light  img-circle tmb-media-first tmb-media-last tmb-content-overlay tmb-no-bg\"><div class=\"t-inside\"><div class=\"t-entry-visual\"><div class=\"t-entry-visual-tc\"><div class=\"uncode-single-media-wrapper img-circle\"><img decoding=\"async\" class=\"wp-image-122\" src=\"https:\/\/townhouse.studio\/wp-content\/uploads\/2023\/06\/cropped-townhouse-fav-icon-1.png\" width=\"512\" height=\"512\" alt=\"\" srcset=\"https:\/\/townhouse.studio\/wp-content\/uploads\/2023\/06\/cropped-townhouse-fav-icon-1.png 512w, https:\/\/townhouse.studio\/wp-content\/uploads\/2023\/06\/cropped-townhouse-fav-icon-1-300x300.png 300w, https:\/\/townhouse.studio\/wp-content\/uploads\/2023\/06\/cropped-townhouse-fav-icon-1-150x150.png 150w, https:\/\/townhouse.studio\/wp-content\/uploads\/2023\/06\/cropped-townhouse-fav-icon-1-12x12.png 12w, https:\/\/townhouse.studio\/wp-content\/uploads\/2023\/06\/cropped-townhouse-fav-icon-1-350x350.png 350w, https:\/\/townhouse.studio\/wp-content\/uploads\/2023\/06\/cropped-townhouse-fav-icon-1-348x348.png 348w, https:\/\/townhouse.studio\/wp-content\/uploads\/2023\/06\/cropped-townhouse-fav-icon-1-100x100.png 100w, https:\/\/townhouse.studio\/wp-content\/uploads\/2023\/06\/cropped-townhouse-fav-icon-1-270x270.png 270w, https:\/\/townhouse.studio\/wp-content\/uploads\/2023\/06\/cropped-townhouse-fav-icon-1-192x192.png 192w, https:\/\/townhouse.studio\/wp-content\/uploads\/2023\/06\/cropped-townhouse-fav-icon-1-180x180.png 180w, https:\/\/townhouse.studio\/wp-content\/uploads\/2023\/06\/cropped-townhouse-fav-icon-1-32x32.png 32w\" sizes=\"(max-width: 512px) 100vw, 512px\" \/><\/div>\n\t\t\t\t\t<\/div>\n\t\t\t\t<\/div><\/div><\/div><\/div><\/div><div class=\"vc_row row-internal row-container\"><div class=\"row row-child\"><div class=\"wpb_row row-inner\"><div class=\"wpb_column pos-top pos-center align_left column_child col-lg-3 tablet-hidden mobile-hidden single-internal-gutter\"><div class=\"uncol style-light\" ><div class=\"uncoltable\"><div class=\"uncell no-block-padding\" ><div class=\"uncont\" ><\/div><\/div><\/div><\/div><\/div><div class=\"wpb_column pos-top pos-center align_left align_center_tablet align_center_mobile column_child col-lg-6 single-internal-gutter\"><div class=\"uncol style-light\" ><div class=\"uncoltable\"><div class=\"uncell no-block-padding\" ><div class=\"uncont\" ><div class=\"vc_custom_heading_wrap\"><div class=\"heading-text el-text\" ><h2 class=\"h2\" ><span>Reserve Consulta GRATUITA<\/span><\/h2><\/div><div class=\"clear\"><\/div><\/div><div class=\"uncode_text_column\" ><p>Reserve una consulta de dise\u00f1o de interiores gratuita de 20 minutos con nuestro dise\u00f1ador y arquitecto principal <a href=\"https:\/\/townhouse.studio\/es\/acerca-de\/\">Andr\u00e9s L\u00f3pez<\/a>En esta llamada online hablaremos sobre tu futuro proyecto y recibir\u00e1s una propuesta en un plazo de 48 horas.<\/p>\n<\/div><\/div><\/div><\/div><\/div><\/div><div class=\"wpb_column pos-top pos-center align_left column_child col-lg-3 tablet-hidden mobile-hidden single-internal-gutter\"><div class=\"uncol style-light\" ><div class=\"uncoltable\"><div class=\"uncell no-block-padding\" ><div class=\"uncont\" ><\/div><\/div><\/div><\/div><\/div><\/div><\/div><\/div>\n\t<div class=\"wpb_raw_code wpb_raw_html\" >\n\t\t<div class=\"wpb_wrapper\">\n\t\t\t<div class=\"tidycal-embed\" data-path=\"townhouse\/free-20-min-consultation\"><\/div>\n<script src=\"https:\/\/asset-tidycal.b-cdn.net\/js\/embed.js\" async><\/script>\n\t\t<\/div>\n\t<\/div>\n<\/div><\/div><\/div><\/div><\/div><script id=\"script-row-unique-0\" data-row=\"script-row-unique-0\" type=\"text\/javascript\" class=\"vc_controls\">UNCODE.initRow(document.getElementById(\"row-unique-0\"));<\/script><\/div><\/div><\/div>\n<\/div>","protected":false},"excerpt":{"rendered":"Book a FREE ConsultationBook a free 20-min interior design consultation with our lead designer &amp; architect Andres Lopez. In this [...]","protected":false},"author":1,"featured_media":0,"parent":0,"menu_order":0,"comment_status":"closed","ping_status":"closed","template":"","meta":{"footnotes":""},"keywords":[188,189,209,210,211,212,213,214,215],"class_list":["post-1333","page","type-page","status-publish","hentry","keywords-price","keywords-interior-design-price","keywords-call","keywords-call-us","keywords-contact-us","keywords-212","keywords-book-a-call","keywords-get-a-quote","keywords-project-price"],"yoast_head":"<!-- This site is optimized with the Yoast SEO plugin v27.5 - https:\/\/yoast.com\/product\/yoast-seo-wordpress\/ -->\n<title>Book a FREE Consultation - Townhouse Studio<\/title>\n<meta name=\"description\" content=\"Book a free 20-min interior design consultation with us to discuss your future project and get a proposal within 48 hours\" \/>\n<meta name=\"robots\" content=\"index, follow, max-snippet:-1, max-image-preview:large, max-video-preview:-1\" \/>\n<link rel=\"canonical\" href=\"https:\/\/townhouse.studio\/es\/consulta\/\" \/>\n<meta property=\"og:locale\" content=\"es_ES\" \/>\n<meta property=\"og:type\" content=\"article\" \/>\n<meta property=\"og:title\" content=\"Book a FREE Consultation - Townhouse Studio\" \/>\n<meta property=\"og:description\" content=\"Book a free 20-min interior design consultation with us to discuss your future project and get a proposal within 48 hours\" \/>\n<meta property=\"og:url\" content=\"https:\/\/townhouse.studio\/es\/consulta\/\" \/>\n<meta property=\"og:site_name\" content=\"Townhouse Studio\" \/>\n<meta property=\"article:modified_time\" content=\"2024-09-07T16:15:47+00:00\" \/>\n<meta name=\"twitter:card\" content=\"summary_large_image\" \/>\n<meta name=\"twitter:label1\" content=\"Tiempo de lectura\" \/>\n\t<meta name=\"twitter:data1\" content=\"1 minuto\" \/>\n<script type=\"application\/ld+json\" class=\"yoast-schema-graph\">{\"@context\":\"https:\\\/\\\/schema.org\",\"@graph\":[{\"@type\":\"WebPage\",\"@id\":\"https:\\\/\\\/townhouse.studio\\\/book\\\/\",\"url\":\"https:\\\/\\\/townhouse.studio\\\/book\\\/\",\"name\":\"Book a FREE Consultation - Townhouse Studio\",\"isPartOf\":{\"@id\":\"https:\\\/\\\/townhouse.studio\\\/#website\"},\"datePublished\":\"2024-03-24T13:10:16+00:00\",\"dateModified\":\"2024-09-07T16:15:47+00:00\",\"description\":\"Book a free 20-min interior design consultation with us to discuss your future project and get a proposal within 48 hours\",\"breadcrumb\":{\"@id\":\"https:\\\/\\\/townhouse.studio\\\/book\\\/#breadcrumb\"},\"inLanguage\":\"es\",\"potentialAction\":[{\"@type\":\"ReadAction\",\"target\":[\"https:\\\/\\\/townhouse.studio\\\/book\\\/\"]}]},{\"@type\":\"BreadcrumbList\",\"@id\":\"https:\\\/\\\/townhouse.studio\\\/book\\\/#breadcrumb\",\"itemListElement\":[{\"@type\":\"ListItem\",\"position\":1,\"name\":\"Home\",\"item\":\"https:\\\/\\\/townhouse.studio\\\/\"},{\"@type\":\"ListItem\",\"position\":2,\"name\":\"Book a FREE Consultation\"}]},{\"@type\":\"WebSite\",\"@id\":\"https:\\\/\\\/townhouse.studio\\\/#website\",\"url\":\"https:\\\/\\\/townhouse.studio\\\/\",\"name\":\"Townhouse\",\"description\":\"Interior Design &amp; Architecture by Arch. Andres Lopez\",\"publisher\":{\"@id\":\"https:\\\/\\\/townhouse.studio\\\/#organization\"},\"potentialAction\":[{\"@type\":\"SearchAction\",\"target\":{\"@type\":\"EntryPoint\",\"urlTemplate\":\"https:\\\/\\\/townhouse.studio\\\/?s={search_term_string}\"},\"query-input\":{\"@type\":\"PropertyValueSpecification\",\"valueRequired\":true,\"valueName\":\"search_term_string\"}}],\"inLanguage\":\"es\"},{\"@type\":\"Organization\",\"@id\":\"https:\\\/\\\/townhouse.studio\\\/#organization\",\"name\":\"Townhouse Studio Ltd.\",\"url\":\"https:\\\/\\\/townhouse.studio\\\/\",\"logo\":{\"@type\":\"ImageObject\",\"inLanguage\":\"es\",\"@id\":\"https:\\\/\\\/townhouse.studio\\\/#\\\/schema\\\/logo\\\/image\\\/\",\"url\":\"http:\\\/\\\/townhouse.studio\\\/wp-content\\\/uploads\\\/2023\\\/06\\\/townhouse-logo.svg\",\"contentUrl\":\"http:\\\/\\\/townhouse.studio\\\/wp-content\\\/uploads\\\/2023\\\/06\\\/townhouse-logo.svg\",\"width\":230,\"height\":34,\"caption\":\"Townhouse Studio Ltd.\"},\"image\":{\"@id\":\"https:\\\/\\\/townhouse.studio\\\/#\\\/schema\\\/logo\\\/image\\\/\"}}]}<\/script>\n<!-- \/ Yoast SEO plugin. -->","yoast_head_json":{"title":"Reserve una consulta GRATUITA - Townhouse Studio","description":"Reserve una consulta de dise\u00f1o de interiores gratuita de 20 minutos con nosotros para discutir su futuro proyecto y obtener una propuesta dentro de las 48 horas.","robots":{"index":"index","follow":"follow","max-snippet":"max-snippet:-1","max-image-preview":"max-image-preview:large","max-video-preview":"max-video-preview:-1"},"canonical":"https:\/\/townhouse.studio\/es\/consulta\/","og_locale":"es_ES","og_type":"article","og_title":"Book a FREE Consultation - Townhouse Studio","og_description":"Book a free 20-min interior design consultation with us to discuss your future project and get a proposal within 48 hours","og_url":"https:\/\/townhouse.studio\/es\/consulta\/","og_site_name":"Townhouse Studio","article_modified_time":"2024-09-07T16:15:47+00:00","twitter_card":"summary_large_image","twitter_misc":{"Tiempo de lectura":"1 minuto"},"schema":{"@context":"https:\/\/schema.org","@graph":[{"@type":"WebPage","@id":"https:\/\/townhouse.studio\/book\/","url":"https:\/\/townhouse.studio\/book\/","name":"Reserve una consulta GRATUITA - Townhouse Studio","isPartOf":{"@id":"https:\/\/townhouse.studio\/#website"},"datePublished":"2024-03-24T13:10:16+00:00","dateModified":"2024-09-07T16:15:47+00:00","description":"Reserve una consulta de dise\u00f1o de interiores gratuita de 20 minutos con nosotros para discutir su futuro proyecto y obtener una propuesta dentro de las 48 horas.","breadcrumb":{"@id":"https:\/\/townhouse.studio\/book\/#breadcrumb"},"inLanguage":"es","potentialAction":[{"@type":"ReadAction","target":["https:\/\/townhouse.studio\/book\/"]}]},{"@type":"BreadcrumbList","@id":"https:\/\/townhouse.studio\/book\/#breadcrumb","itemListElement":[{"@type":"ListItem","position":1,"name":"Home","item":"https:\/\/townhouse.studio\/"},{"@type":"ListItem","position":2,"name":"Book a FREE Consultation"}]},{"@type":"WebSite","@id":"https:\/\/townhouse.studio\/#website","url":"https:\/\/townhouse.studio\/","name":"Townhouse","description":"Dise\u00f1o de Interiores y Arquitectura por el Arq. Andr\u00e9s L\u00f3pez","publisher":{"@id":"https:\/\/townhouse.studio\/#organization"},"potentialAction":[{"@type":"SearchAction","target":{"@type":"EntryPoint","urlTemplate":"https:\/\/townhouse.studio\/?s={search_term_string}"},"query-input":{"@type":"PropertyValueSpecification","valueRequired":true,"valueName":"search_term_string"}}],"inLanguage":"es"},{"@type":"Organization","@id":"https:\/\/townhouse.studio\/#organization","name":"Casa adosada estudio ltd.","url":"https:\/\/townhouse.studio\/","logo":{"@type":"ImageObject","inLanguage":"es","@id":"https:\/\/townhouse.studio\/#\/schema\/logo\/image\/","url":"http:\/\/townhouse.studio\/wp-content\/uploads\/2023\/06\/townhouse-logo.svg","contentUrl":"http:\/\/townhouse.studio\/wp-content\/uploads\/2023\/06\/townhouse-logo.svg","width":230,"height":34,"caption":"Townhouse Studio Ltd."},"image":{"@id":"https:\/\/townhouse.studio\/#\/schema\/logo\/image\/"}}]}},"_links":{"self":[{"href":"https:\/\/townhouse.studio\/es\/wp-json\/wp\/v2\/pages\/1333","targetHints":{"allow":["GET"]}}],"collection":[{"href":"https:\/\/townhouse.studio\/es\/wp-json\/wp\/v2\/pages"}],"about":[{"href":"https:\/\/townhouse.studio\/es\/wp-json\/wp\/v2\/types\/page"}],"author":[{"embeddable":true,"href":"https:\/\/townhouse.studio\/es\/wp-json\/wp\/v2\/users\/1"}],"replies":[{"embeddable":true,"href":"https:\/\/townhouse.studio\/es\/wp-json\/wp\/v2\/comments?post=1333"}],"version-history":[{"count":6,"href":"https:\/\/townhouse.studio\/es\/wp-json\/wp\/v2\/pages\/1333\/revisions"}],"predecessor-version":[{"id":1802,"href":"https:\/\/townhouse.studio\/es\/wp-json\/wp\/v2\/pages\/1333\/revisions\/1802"}],"wp:attachment":[{"href":"https:\/\/townhouse.studio\/es\/wp-json\/wp\/v2\/media?parent=1333"}],"wp:term":[{"taxonomy":"keywords","embeddable":true,"href":"https:\/\/townhouse.studio\/es\/wp-json\/wp\/v2\/keywords?post=1333"}],"curies":[{"name":"wp","href":"https:\/\/api.w.org\/{rel}","templated":true}]}}