{"id":594,"date":"2023-07-01T15:36:52","date_gmt":"2023-07-01T15:36:52","guid":{"rendered":"http:\/\/townhouse.studio\/?page_id=594"},"modified":"2023-07-27T09:39:11","modified_gmt":"2023-07-27T09:39:11","slug":"cocinas","status":"publish","type":"page","link":"https:\/\/townhouse.studio\/es\/collections\/kitchens\/","title":{"rendered":"Cocinas"},"content":{"rendered":"<div class=\"wpb-content-wrapper\"><div data-parent=\"true\" class=\"vc_row has-bg need-focus style-color-179963-bg row-container\" id=\"row-unique-1\"><div class=\"row single-top-padding single-bottom-padding no-h-padding full-width row-parent\" data-height-ratio=\"full\"><div class=\"wpb_row row-inner\"><div class=\"wpb_column pos-top pos-center align_left column_parent col-lg-12 single-internal-gutter\"><div class=\"uncol style-light\"  ><div class=\"uncoltable\"><div class=\"uncell no-block-padding\" ><div class=\"uncont\" ><div class=\"un-media-gallery index-scroll index-scroll-width-vh row-scroll-no-sm hor-scroll-183540 hor-scroll-vh\">\n\t\t\n\t\n\t<div class=\"index-wrapper index-scroll-wrapper clearfix px-gutter\" >\n\t\t\t\t\t\t\t\t\t<div class=\"index-row\" data-lg=\"2\" data-md=\"2\" data-sm=\"1\" data-direction=\"right\" data-vp-height=\"100\" data-vp-height-md=\"100\" data-vp-height-sm=\"100\">\n<div class=\"tmb tmb-iso-w4 tmb-iso-h4 tmb-light tmb-text-showed tmb-overlay-showed tmb-overlay-bottom tmb-overlay-text-center tmb-image-anim tmb-meta-size-large tmb-id-685  grid-cat-44 grid-cat-100 tmb-media-first tmb-media-last tmb-content-overlay tmb-no-bg tmb-lightbox\" ><div class=\"t-inside no-anim\" ><div class=\"t-entry-visual\"><div class=\"t-entry-visual-tc\"><div class=\"t-entry-visual-cont\"><a href=\"https:\/\/townhouse.studio\/wp-content\/uploads\/2023\/07\/Queens-Gate-Flat-South-Kensington-Kitchen.jpg\" data-caption=\"Queen's Gate Flat, South Kensington, London\" data-lbox=\"ilightbox_gallery-295397\" data-external-thumb-image=\"https:\/\/townhouse.studio\/wp-content\/uploads\/2023\/07\/Queens-Gate-Flat-South-Kensington-Kitchen-150x150.jpg\" data-lg-size=\"2048-1152\" data-lb-index=\"0\"><div class=\"t-entry-visual-overlay\"><div class=\"t-entry-visual-overlay-in style-dark-bg\" style=\"opacity: 0.01;\"><\/div><\/div><div class=\"t-overlay-wrap\"><div class=\"t-overlay-inner\">\n\t\t\t\t\t\t\t\t\t\t\t\t\t\t<div class=\"t-overlay-content\">\n\t\t\t\t\t\t\t\t\t\t\t\t\t\t\t<div class=\"t-overlay-text single-block-padding\"><div class=\"t-entry\"><p class=\"t-entry-meta\"><span>Piso Queen&#039;s Gate, South Kensington, Londres<\/span><\/p><\/div><\/div><\/div><\/div><\/div><div class=\"t-background-cover\" style=\"background-image:url('https:\/\/townhouse.studio\/wp-content\/uploads\/2023\/07\/Queens-Gate-Flat-South-Kensington-Kitchen-uai-1152x1152.jpg')\"><\/div><\/a><\/div>\n\t\t\t\t\t<\/div>\n\t\t\t\t<\/div><\/div><\/div><div class=\"tmb tmb-iso-w4 tmb-iso-h4 tmb-light tmb-text-showed tmb-overlay-showed tmb-overlay-bottom tmb-overlay-text-center tmb-image-anim tmb-meta-size-large tmb-id-776  grid-cat-135 grid-cat-44 tmb-media-first tmb-media-last tmb-content-overlay tmb-no-bg tmb-lightbox\" ><div class=\"t-inside no-anim\" ><div class=\"t-entry-visual\"><div class=\"t-entry-visual-tc\"><div class=\"t-entry-visual-cont\"><a href=\"https:\/\/townhouse.studio\/wp-content\/uploads\/2023\/07\/Chelsea-Apartment-Kitchen.jpg\" data-caption=\"Chelsea Apartment, Chelsea, London\" data-lbox=\"ilightbox_gallery-295397\" data-external-thumb-image=\"https:\/\/townhouse.studio\/wp-content\/uploads\/2023\/07\/Chelsea-Apartment-Kitchen-150x150.jpg\" data-lg-size=\"2048-1152\" data-lb-index=\"1\"><div class=\"t-entry-visual-overlay\"><div class=\"t-entry-visual-overlay-in style-dark-bg\" style=\"opacity: 0.01;\"><\/div><\/div><div class=\"t-overlay-wrap\"><div class=\"t-overlay-inner\">\n\t\t\t\t\t\t\t\t\t\t\t\t\t\t<div class=\"t-overlay-content\">\n\t\t\t\t\t\t\t\t\t\t\t\t\t\t\t<div class=\"t-overlay-text single-block-padding\"><div class=\"t-entry\"><p class=\"t-entry-meta\"><span>Apartamento Chelsea, Chelsea, Londres<\/span><\/p><\/div><\/div><\/div><\/div><\/div><div class=\"t-background-cover\" style=\"background-image:url('https:\/\/townhouse.studio\/wp-content\/uploads\/2023\/07\/Chelsea-Apartment-Kitchen-uai-1152x1152.jpg')\"><\/div><\/a><\/div>\n\t\t\t\t\t<\/div>\n\t\t\t\t<\/div><\/div><\/div><div class=\"tmb tmb-iso-w4 tmb-iso-h4 tmb-light tmb-text-showed tmb-overlay-showed tmb-overlay-bottom tmb-overlay-text-center tmb-image-anim tmb-meta-size-large tmb-id-415  grid-cat-40 grid-cat-43 grid-cat-44 tmb-media-first tmb-media-last tmb-content-overlay tmb-no-bg tmb-lightbox\" ><div class=\"t-inside no-anim\" ><div class=\"t-entry-visual\"><div class=\"t-entry-visual-tc\"><div class=\"t-entry-visual-cont\"><a href=\"https:\/\/townhouse.studio\/wp-content\/uploads\/2023\/06\/Casa-Tehuana-Kitchen.jpg\" data-caption=\"Casa Tehuana, Akumal, Tulum, Mexico\" data-lbox=\"ilightbox_gallery-295397\" data-external-thumb-image=\"https:\/\/townhouse.studio\/wp-content\/uploads\/2023\/06\/Casa-Tehuana-Kitchen-150x150.jpg\" data-lg-size=\"2048-1152\" data-lb-index=\"2\"><div class=\"t-entry-visual-overlay\"><div class=\"t-entry-visual-overlay-in style-dark-bg\" style=\"opacity: 0.01;\"><\/div><\/div><div class=\"t-overlay-wrap\"><div class=\"t-overlay-inner\">\n\t\t\t\t\t\t\t\t\t\t\t\t\t\t<div class=\"t-overlay-content\">\n\t\t\t\t\t\t\t\t\t\t\t\t\t\t\t<div class=\"t-overlay-text single-block-padding\"><div class=\"t-entry\"><p class=\"t-entry-meta\"><span>Casa Tehuana, Akumal, Tulum, M\u00e9xico<\/span><\/p><\/div><\/div><\/div><\/div><\/div><div class=\"t-background-cover\" style=\"background-image:url('https:\/\/townhouse.studio\/wp-content\/uploads\/2023\/06\/Casa-Tehuana-Kitchen-uai-1152x1152.jpg')\"><\/div><\/a><\/div>\n\t\t\t\t\t<\/div>\n\t\t\t\t<\/div><\/div><\/div><div class=\"tmb tmb-iso-w4 tmb-iso-h4 tmb-light tmb-text-showed tmb-overlay-showed tmb-overlay-bottom tmb-overlay-text-center tmb-image-anim tmb-meta-size-large tmb-id-395  grid-cat-38 grid-cat-44 tmb-media-first tmb-media-last tmb-content-overlay tmb-no-bg tmb-lightbox\" ><div class=\"t-inside no-anim\" ><div class=\"t-entry-visual\"><div class=\"t-entry-visual-tc\"><div class=\"t-entry-visual-cont\"><a href=\"https:\/\/townhouse.studio\/wp-content\/uploads\/2023\/06\/Mil-Suenos-Kitchen.jpg\" data-caption=\"Mil Sue\u00f1os, Tulum, Mexico\" data-lbox=\"ilightbox_gallery-295397\" data-external-thumb-image=\"https:\/\/townhouse.studio\/wp-content\/uploads\/2023\/06\/Mil-Suenos-Kitchen-150x150.jpg\" data-lg-size=\"2048-1152\" data-lb-index=\"3\"><div class=\"t-entry-visual-overlay\"><div class=\"t-entry-visual-overlay-in style-dark-bg\" style=\"opacity: 0.01;\"><\/div><\/div><div class=\"t-overlay-wrap\"><div class=\"t-overlay-inner\">\n\t\t\t\t\t\t\t\t\t\t\t\t\t\t<div class=\"t-overlay-content\">\n\t\t\t\t\t\t\t\t\t\t\t\t\t\t\t<div class=\"t-overlay-text single-block-padding\"><div class=\"t-entry\"><p class=\"t-entry-meta\"><span>Mil Sue\u00f1os, Tulum, M\u00e9xico<\/span><\/p><\/div><\/div><\/div><\/div><\/div><div class=\"t-background-cover\" style=\"background-image:url('https:\/\/townhouse.studio\/wp-content\/uploads\/2023\/06\/Mil-Suenos-Kitchen-uai-1152x1152.jpg')\"><\/div><\/a><\/div>\n\t\t\t\t\t<\/div>\n\t\t\t\t<\/div><\/div><\/div><div class=\"tmb tmb-iso-w4 tmb-iso-h4 tmb-light tmb-text-showed tmb-overlay-showed tmb-overlay-bottom tmb-overlay-text-center tmb-image-anim tmb-meta-size-large tmb-id-386  grid-cat-37 grid-cat-44 tmb-media-first tmb-media-last tmb-content-overlay tmb-no-bg tmb-lightbox\" ><div class=\"t-inside no-anim\" ><div class=\"t-entry-visual\"><div class=\"t-entry-visual-tc\"><div class=\"t-entry-visual-cont\"><a href=\"https:\/\/townhouse.studio\/wp-content\/uploads\/2023\/06\/Kitchen.jpg\" data-caption=\"Mayan Mansion, Playacar, Mexico\" data-lbox=\"ilightbox_gallery-295397\" data-external-thumb-image=\"https:\/\/townhouse.studio\/wp-content\/uploads\/2023\/06\/Kitchen-150x150.jpg\" data-lg-size=\"2048-1152\" data-lb-index=\"4\"><div class=\"t-entry-visual-overlay\"><div class=\"t-entry-visual-overlay-in style-dark-bg\" style=\"opacity: 0.01;\"><\/div><\/div><div class=\"t-overlay-wrap\"><div class=\"t-overlay-inner\">\n\t\t\t\t\t\t\t\t\t\t\t\t\t\t<div class=\"t-overlay-content\">\n\t\t\t\t\t\t\t\t\t\t\t\t\t\t\t<div class=\"t-overlay-text single-block-padding\"><div class=\"t-entry\"><p class=\"t-entry-meta\"><span>Mayan Mansion, Playacar, M\u00e9xico<\/span><\/p><\/div><\/div><\/div><\/div><\/div><div class=\"t-background-cover\" style=\"background-image:url('https:\/\/townhouse.studio\/wp-content\/uploads\/2023\/06\/Kitchen-uai-1152x1152.jpg')\"><\/div><\/a><\/div>\n\t\t\t\t\t<\/div>\n\t\t\t\t<\/div><\/div><\/div><div class=\"tmb tmb-iso-w4 tmb-iso-h4 tmb-light tmb-text-showed tmb-overlay-showed tmb-overlay-bottom tmb-overlay-text-center tmb-image-anim tmb-meta-size-large tmb-id-253  grid-cat-32 grid-cat-44 tmb-media-first tmb-media-last tmb-content-overlay tmb-no-bg tmb-lightbox\" ><div class=\"t-inside no-anim\" ><div class=\"t-entry-visual\"><div class=\"t-entry-visual-tc\"><div class=\"t-entry-visual-cont\"><a href=\"https:\/\/townhouse.studio\/wp-content\/uploads\/2023\/06\/Bina-Townhouse-Kitchen.jpg\" data-caption=\"Bina Townhouse, Plovdiv, Bulgaria\" data-lbox=\"ilightbox_gallery-295397\" data-external-thumb-image=\"https:\/\/townhouse.studio\/wp-content\/uploads\/2023\/06\/Bina-Townhouse-Kitchen-150x150.jpg\" data-lg-size=\"2048-1638\" data-lb-index=\"5\"><div class=\"t-entry-visual-overlay\"><div class=\"t-entry-visual-overlay-in style-dark-bg\" style=\"opacity: 0.01;\"><\/div><\/div><div class=\"t-overlay-wrap\"><div class=\"t-overlay-inner\">\n\t\t\t\t\t\t\t\t\t\t\t\t\t\t<div class=\"t-overlay-content\">\n\t\t\t\t\t\t\t\t\t\t\t\t\t\t\t<div class=\"t-overlay-text single-block-padding\"><div class=\"t-entry\"><p class=\"t-entry-meta\"><span>Casa adosada Bina, Plovdiv, Bulgaria<\/span><\/p><\/div><\/div><\/div><\/div><\/div><div class=\"t-background-cover\" style=\"background-image:url('https:\/\/townhouse.studio\/wp-content\/uploads\/2023\/06\/Bina-Townhouse-Kitchen-uai-1638x1638.jpg')\"><\/div><\/a><\/div>\n\t\t\t\t\t<\/div>\n\t\t\t\t<\/div><\/div><\/div>\t\t\t<\/div>\n\t\t\t\t\t<\/div>\n\n\t\n\t\n\t\n<\/div>\n\n<\/div><\/div><\/div><\/div><\/div><script id=\"script-row-unique-1\" data-row=\"script-row-unique-1\" type=\"text\/javascript\" class=\"vc_controls\">UNCODE.initRow(document.getElementById(\"row-unique-1\"));<\/script><\/div><\/div><\/div><div data-parent=\"true\" class=\"vc_row has-bg need-focus style-color-179963-bg row-container\" id=\"row-unique-2\"><div class=\"row limit-width row-parent\"><div class=\"wpb_row row-inner\"><div class=\"wpb_column pos-top pos-center align_left column_parent col-lg-6 single-internal-gutter\"><div class=\"uncol style-spec style-dark\"  ><div class=\"uncoltable\"><div class=\"uncell no-block-padding\" ><div class=\"uncont\" ><div class=\"uncode_text_column\" ><p>Entra en el mundo del dise\u00f1o de cocinas, donde la creatividad ocupa un lugar central y la innovaci\u00f3n no tiene l\u00edmites. Imagine un espacio que va m\u00e1s all\u00e1 de la mera funcionalidad, trascendiendo a un reino donde cada elemento est\u00e1 meticulosamente elaborado para mejorar nuestras experiencias culinarias. Es aqu\u00ed donde las decisiones de dise\u00f1o de interiores bailan en armon\u00eda con nuestros deseos, transformando una cocina ordinaria en un para\u00edso de eficiencia e inspiraci\u00f3n. La ubicaci\u00f3n de los gabinetes y los electrodom\u00e9sticos se entrelaza sin esfuerzo, creando caminos continuos para que naveguemos mientras preparamos manjares a la velocidad del rayo.<\/p>\n<\/div><\/div><\/div><\/div><\/div><\/div><div class=\"wpb_column pos-top pos-center align_left column_parent col-lg-6 single-internal-gutter\"><div class=\"uncol style-spec style-dark\"  ><div class=\"uncoltable\"><div class=\"uncell no-block-padding\" ><div class=\"uncont\" ><div class=\"uncode_text_column\" ><p>Desde encimeras elegantes que nos invitan a dar rienda suelta a nuestros chefs internos, hasta soluciones de almacenamiento cuidadosamente dise\u00f1adas que garantizan que cada utensilio tenga el lugar que le corresponde: todo tiene un prop\u00f3sito en esta sinfon\u00eda de practicidad y est\u00e9tica. Pero no se trata solo de hacer las cosas r\u00e1pido; se trata de abrazar el arte detr\u00e1s de la cocina misma. Una cocina bien dise\u00f1ada fomenta la exploraci\u00f3n, encendiendo nuestra pasi\u00f3n por mezclar sabores y experimentar con nuevas t\u00e9cnicas. Con cada golpe del cuchillo o chisporroteo en la estufa, nos sentimos empoderados por el dise\u00f1o intuitivo que maximiza la comodidad sin comprometer el estilo o la gracia.<\/p>\n<\/div><\/div><\/div><\/div><\/div><\/div><script id=\"script-row-unique-2\" data-row=\"script-row-unique-2\" type=\"text\/javascript\" class=\"vc_controls\">UNCODE.initRow(document.getElementById(\"row-unique-2\"));<\/script><\/div><\/div><\/div><div data-parent=\"true\" class=\"vc_row has-bg need-focus style-color-179963-bg row-container\" id=\"row-unique-4\"><div class=\"row limit-width row-parent\"><div class=\"wpb_row row-inner\"><div class=\"wpb_column pos-top pos-center align_center column_parent col-lg-12 single-internal-gutter\"><div class=\"uncol style-spec style-dark\"  ><div class=\"uncoltable\"><div class=\"uncell no-block-padding\" ><div class=\"uncont\" ><div class=\"vc_row style-color-jevc-bg row-internal row-container\"><div class=\"row row-child\"><div class=\"wpb_row row-inner\"><div class=\"wpb_column pos-top pos-center align_center column_child col-lg-12 single-internal-gutter\"><div class=\"uncol style-spec style-dark\" ><div class=\"uncoltable\"><div class=\"uncell no-block-padding\" ><div class=\"uncont\" ><div class=\"empty-space empty-half\" ><span class=\"empty-space-inner\"><\/span><\/div>\n<div class=\"vc_custom_heading_wrap\"><div class=\"heading-text el-text\" ><p class=\"h3 text-accent-color\" ><span>Vamos a trabajar juntos!<\/span><\/p><\/div><div class=\"clear\"><\/div><\/div><div class=\"uncode_text_column\" ><p>Espacios de 20 minutos disponibles de lunes a viernes, de 10 a 18 horas (CET)<\/p>\n<\/div><div class=\"empty-space empty-single\" ><span class=\"empty-space-inner\"><\/span><\/div>\n<span class=\"btn-container btn-inline btn-inline-mobile\" ><a role=\"button\"  href=\"https:\/\/townhouse.studio\/es\/consulta\/\" class=\"custom-link btn border-width-0 btn-forced-dark-text btn-accent btn-icon-left\" title=\"Reserve Consulta GRATUITA\">Reserve Consulta GRATUITA<\/a><\/span><div class=\"empty-space empty-single\" ><span class=\"empty-space-inner\"><\/span><\/div>\n<\/div><\/div><\/div><\/div><\/div><\/div><\/div><\/div><\/div><\/div><\/div><\/div><\/div><script id=\"script-row-unique-4\" data-row=\"script-row-unique-4\" type=\"text\/javascript\" class=\"vc_controls\">UNCODE.initRow(document.getElementById(\"row-unique-4\"));<\/script><\/div><\/div><\/div>\n<\/div>","protected":false},"excerpt":{"rendered":"Queen's Gate Flat, South Kensington, London Chelsea Apartment, Chelsea, London Casa Tehuana, Akumal, Tulum, Mexico Mil Sue\u00f1os, Tulum, Mexico Mayan [...]","protected":false},"author":1,"featured_media":386,"parent":623,"menu_order":0,"comment_status":"closed","ping_status":"closed","template":"","meta":{"footnotes":""},"keywords":[77,78,79,80,81,82,83,84,85],"class_list":["post-594","page","type-page","status-publish","has-post-thumbnail","hentry","keywords-kitchen","keywords-kitchens","keywords-kitchen-design","keywords-cocina","keywords-cocinas","keywords-diseno-cocina","keywords-83","keywords-84","keywords-85","page_category-collections"],"yoast_head":"<!-- This site is optimized with the Yoast SEO plugin v27.5 - https:\/\/yoast.com\/product\/yoast-seo-wordpress\/ -->\n<title>Kitchens - Townhouse Studio<\/title>\n<meta name=\"description\" content=\"Kitchen design by Townhouse studio will give you maximum functionality of the space while keeping with latest design innovations.\" \/>\n<meta name=\"robots\" content=\"index, follow, max-snippet:-1, max-image-preview:large, max-video-preview:-1\" \/>\n<link rel=\"canonical\" href=\"https:\/\/townhouse.studio\/es\/colecciones\/cocinas\/\" \/>\n<meta property=\"og:locale\" content=\"es_ES\" \/>\n<meta property=\"og:type\" content=\"article\" \/>\n<meta property=\"og:title\" content=\"Kitchens - Townhouse Studio\" \/>\n<meta property=\"og:description\" content=\"Kitchen design by Townhouse studio will give you maximum functionality of the space while keeping with latest design innovations.\" \/>\n<meta property=\"og:url\" content=\"https:\/\/townhouse.studio\/es\/colecciones\/cocinas\/\" \/>\n<meta property=\"og:site_name\" content=\"Townhouse Studio\" \/>\n<meta property=\"article:modified_time\" content=\"2023-07-27T09:39:11+00:00\" \/>\n<meta property=\"og:image\" content=\"https:\/\/townhouse.studio\/wp-content\/uploads\/2023\/06\/Kitchen.jpg\" \/>\n\t<meta property=\"og:image:width\" content=\"2048\" \/>\n\t<meta property=\"og:image:height\" content=\"1152\" \/>\n\t<meta property=\"og:image:type\" content=\"image\/jpeg\" \/>\n<meta name=\"twitter:card\" content=\"summary_large_image\" \/>\n<meta name=\"twitter:label1\" content=\"Tiempo de lectura\" \/>\n\t<meta name=\"twitter:data1\" content=\"2 minutos\" \/>\n<script type=\"application\/ld+json\" class=\"yoast-schema-graph\">{\"@context\":\"https:\\\/\\\/schema.org\",\"@graph\":[{\"@type\":\"WebPage\",\"@id\":\"https:\\\/\\\/townhouse.studio\\\/collections\\\/kitchens\\\/\",\"url\":\"https:\\\/\\\/townhouse.studio\\\/collections\\\/kitchens\\\/\",\"name\":\"Kitchens - Townhouse Studio\",\"isPartOf\":{\"@id\":\"https:\\\/\\\/townhouse.studio\\\/#website\"},\"primaryImageOfPage\":{\"@id\":\"https:\\\/\\\/townhouse.studio\\\/collections\\\/kitchens\\\/#primaryimage\"},\"image\":{\"@id\":\"https:\\\/\\\/townhouse.studio\\\/collections\\\/kitchens\\\/#primaryimage\"},\"thumbnailUrl\":\"https:\\\/\\\/townhouse.studio\\\/wp-content\\\/uploads\\\/2023\\\/06\\\/Kitchen.jpg\",\"datePublished\":\"2023-07-01T15:36:52+00:00\",\"dateModified\":\"2023-07-27T09:39:11+00:00\",\"description\":\"Kitchen design by Townhouse studio will give you maximum functionality of the space while keeping with latest design innovations.\",\"breadcrumb\":{\"@id\":\"https:\\\/\\\/townhouse.studio\\\/collections\\\/kitchens\\\/#breadcrumb\"},\"inLanguage\":\"es\",\"potentialAction\":[{\"@type\":\"ReadAction\",\"target\":[\"https:\\\/\\\/townhouse.studio\\\/collections\\\/kitchens\\\/\"]}]},{\"@type\":\"ImageObject\",\"inLanguage\":\"es\",\"@id\":\"https:\\\/\\\/townhouse.studio\\\/collections\\\/kitchens\\\/#primaryimage\",\"url\":\"https:\\\/\\\/townhouse.studio\\\/wp-content\\\/uploads\\\/2023\\\/06\\\/Kitchen.jpg\",\"contentUrl\":\"https:\\\/\\\/townhouse.studio\\\/wp-content\\\/uploads\\\/2023\\\/06\\\/Kitchen.jpg\",\"width\":2048,\"height\":1152,\"caption\":\"Mayan Mansion, Playacar, Mexico\"},{\"@type\":\"BreadcrumbList\",\"@id\":\"https:\\\/\\\/townhouse.studio\\\/collections\\\/kitchens\\\/#breadcrumb\",\"itemListElement\":[{\"@type\":\"ListItem\",\"position\":1,\"name\":\"Home\",\"item\":\"https:\\\/\\\/townhouse.studio\\\/\"},{\"@type\":\"ListItem\",\"position\":2,\"name\":\"Collections\",\"item\":\"https:\\\/\\\/townhouse.studio\\\/collections\\\/\"},{\"@type\":\"ListItem\",\"position\":3,\"name\":\"Kitchens\"}]},{\"@type\":\"WebSite\",\"@id\":\"https:\\\/\\\/townhouse.studio\\\/#website\",\"url\":\"https:\\\/\\\/townhouse.studio\\\/\",\"name\":\"Townhouse\",\"description\":\"Interior Design &amp; Architecture by Arch. Andres Lopez\",\"publisher\":{\"@id\":\"https:\\\/\\\/townhouse.studio\\\/#organization\"},\"potentialAction\":[{\"@type\":\"SearchAction\",\"target\":{\"@type\":\"EntryPoint\",\"urlTemplate\":\"https:\\\/\\\/townhouse.studio\\\/?s={search_term_string}\"},\"query-input\":{\"@type\":\"PropertyValueSpecification\",\"valueRequired\":true,\"valueName\":\"search_term_string\"}}],\"inLanguage\":\"es\"},{\"@type\":\"Organization\",\"@id\":\"https:\\\/\\\/townhouse.studio\\\/#organization\",\"name\":\"Townhouse Studio Ltd.\",\"url\":\"https:\\\/\\\/townhouse.studio\\\/\",\"logo\":{\"@type\":\"ImageObject\",\"inLanguage\":\"es\",\"@id\":\"https:\\\/\\\/townhouse.studio\\\/#\\\/schema\\\/logo\\\/image\\\/\",\"url\":\"http:\\\/\\\/townhouse.studio\\\/wp-content\\\/uploads\\\/2023\\\/06\\\/townhouse-logo.svg\",\"contentUrl\":\"http:\\\/\\\/townhouse.studio\\\/wp-content\\\/uploads\\\/2023\\\/06\\\/townhouse-logo.svg\",\"width\":230,\"height\":34,\"caption\":\"Townhouse Studio Ltd.\"},\"image\":{\"@id\":\"https:\\\/\\\/townhouse.studio\\\/#\\\/schema\\\/logo\\\/image\\\/\"}}]}<\/script>\n<!-- \/ Yoast SEO plugin. -->","yoast_head_json":{"title":"Cocinas - Estudio Townhouse","description":"El dise\u00f1o de cocinas del estudio Townhouse le brindar\u00e1 la m\u00e1xima funcionalidad del espacio manteniendo las \u00faltimas innovaciones de dise\u00f1o.","robots":{"index":"index","follow":"follow","max-snippet":"max-snippet:-1","max-image-preview":"max-image-preview:large","max-video-preview":"max-video-preview:-1"},"canonical":"https:\/\/townhouse.studio\/es\/colecciones\/cocinas\/","og_locale":"es_ES","og_type":"article","og_title":"Kitchens - Townhouse Studio","og_description":"Kitchen design by Townhouse studio will give you maximum functionality of the space while keeping with latest design innovations.","og_url":"https:\/\/townhouse.studio\/es\/colecciones\/cocinas\/","og_site_name":"Townhouse Studio","article_modified_time":"2023-07-27T09:39:11+00:00","og_image":[{"width":2048,"height":1152,"url":"https:\/\/townhouse.studio\/wp-content\/uploads\/2023\/06\/Kitchen.jpg","type":"image\/jpeg"}],"twitter_card":"summary_large_image","twitter_misc":{"Tiempo de lectura":"2 minutos"},"schema":{"@context":"https:\/\/schema.org","@graph":[{"@type":"WebPage","@id":"https:\/\/townhouse.studio\/collections\/kitchens\/","url":"https:\/\/townhouse.studio\/collections\/kitchens\/","name":"Cocinas - Estudio Townhouse","isPartOf":{"@id":"https:\/\/townhouse.studio\/#website"},"primaryImageOfPage":{"@id":"https:\/\/townhouse.studio\/collections\/kitchens\/#primaryimage"},"image":{"@id":"https:\/\/townhouse.studio\/collections\/kitchens\/#primaryimage"},"thumbnailUrl":"https:\/\/townhouse.studio\/wp-content\/uploads\/2023\/06\/Kitchen.jpg","datePublished":"2023-07-01T15:36:52+00:00","dateModified":"2023-07-27T09:39:11+00:00","description":"El dise\u00f1o de cocinas del estudio Townhouse le brindar\u00e1 la m\u00e1xima funcionalidad del espacio manteniendo las \u00faltimas innovaciones de dise\u00f1o.","breadcrumb":{"@id":"https:\/\/townhouse.studio\/collections\/kitchens\/#breadcrumb"},"inLanguage":"es","potentialAction":[{"@type":"ReadAction","target":["https:\/\/townhouse.studio\/collections\/kitchens\/"]}]},{"@type":"ImageObject","inLanguage":"es","@id":"https:\/\/townhouse.studio\/collections\/kitchens\/#primaryimage","url":"https:\/\/townhouse.studio\/wp-content\/uploads\/2023\/06\/Kitchen.jpg","contentUrl":"https:\/\/townhouse.studio\/wp-content\/uploads\/2023\/06\/Kitchen.jpg","width":2048,"height":1152,"caption":"Mayan Mansion, Playacar, Mexico"},{"@type":"BreadcrumbList","@id":"https:\/\/townhouse.studio\/collections\/kitchens\/#breadcrumb","itemListElement":[{"@type":"ListItem","position":1,"name":"Home","item":"https:\/\/townhouse.studio\/"},{"@type":"ListItem","position":2,"name":"Collections","item":"https:\/\/townhouse.studio\/collections\/"},{"@type":"ListItem","position":3,"name":"Kitchens"}]},{"@type":"WebSite","@id":"https:\/\/townhouse.studio\/#website","url":"https:\/\/townhouse.studio\/","name":"Townhouse","description":"Dise\u00f1o de Interiores y Arquitectura por el Arq. Andr\u00e9s L\u00f3pez","publisher":{"@id":"https:\/\/townhouse.studio\/#organization"},"potentialAction":[{"@type":"SearchAction","target":{"@type":"EntryPoint","urlTemplate":"https:\/\/townhouse.studio\/?s={search_term_string}"},"query-input":{"@type":"PropertyValueSpecification","valueRequired":true,"valueName":"search_term_string"}}],"inLanguage":"es"},{"@type":"Organization","@id":"https:\/\/townhouse.studio\/#organization","name":"Casa adosada estudio ltd.","url":"https:\/\/townhouse.studio\/","logo":{"@type":"ImageObject","inLanguage":"es","@id":"https:\/\/townhouse.studio\/#\/schema\/logo\/image\/","url":"http:\/\/townhouse.studio\/wp-content\/uploads\/2023\/06\/townhouse-logo.svg","contentUrl":"http:\/\/townhouse.studio\/wp-content\/uploads\/2023\/06\/townhouse-logo.svg","width":230,"height":34,"caption":"Townhouse Studio Ltd."},"image":{"@id":"https:\/\/townhouse.studio\/#\/schema\/logo\/image\/"}}]}},"_links":{"self":[{"href":"https:\/\/townhouse.studio\/es\/wp-json\/wp\/v2\/pages\/594","targetHints":{"allow":["GET"]}}],"collection":[{"href":"https:\/\/townhouse.studio\/es\/wp-json\/wp\/v2\/pages"}],"about":[{"href":"https:\/\/townhouse.studio\/es\/wp-json\/wp\/v2\/types\/page"}],"author":[{"embeddable":true,"href":"https:\/\/townhouse.studio\/es\/wp-json\/wp\/v2\/users\/1"}],"replies":[{"embeddable":true,"href":"https:\/\/townhouse.studio\/es\/wp-json\/wp\/v2\/comments?post=594"}],"version-history":[{"count":0,"href":"https:\/\/townhouse.studio\/es\/wp-json\/wp\/v2\/pages\/594\/revisions"}],"up":[{"embeddable":true,"href":"https:\/\/townhouse.studio\/es\/wp-json\/wp\/v2\/pages\/623"}],"wp:featuredmedia":[{"embeddable":true,"href":"https:\/\/townhouse.studio\/es\/wp-json\/wp\/v2\/media\/386"}],"wp:attachment":[{"href":"https:\/\/townhouse.studio\/es\/wp-json\/wp\/v2\/media?parent=594"}],"wp:term":[{"taxonomy":"keywords","embeddable":true,"href":"https:\/\/townhouse.studio\/es\/wp-json\/wp\/v2\/keywords?post=594"}],"curies":[{"name":"wp","href":"https:\/\/api.w.org\/{rel}","templated":true}]}}