{"id":141,"date":"2023-06-19T11:50:34","date_gmt":"2023-06-19T11:50:34","guid":{"rendered":"http:\/\/townhouse.studio\/?page_id=141"},"modified":"2024-10-02T07:25:57","modified_gmt":"2024-10-02T07:25:57","slug":"sobre","status":"publish","type":"page","link":"https:\/\/townhouse.studio\/pt\/about\/","title":{"rendered":"Sobre n\u00f3s"},"content":{"rendered":"<div class=\"wpb-content-wrapper\"><div data-parent=\"true\" class=\"vc_row has-bg need-focus style-color-xsdn-bg row-container\" id=\"row-unique-0\"><div class=\"row single-top-padding single-bottom-padding no-h-padding full-width row-parent\" data-height-ratio=\"full\"><div class=\"wpb_row row-inner\"><div class=\"wpb_column pos-top pos-center align_center column_parent col-lg-12 no-internal-gutter\"><div class=\"uncol style-light\"  ><div class=\"uncoltable\"><div class=\"uncell no-block-padding\" ><div class=\"uncont\" ><div class=\"vc_row row-internal row-container\"><div class=\"row row-child\"><div class=\"wpb_row row-inner\"><div class=\"wpb_column pos-top pos-center align_center column_child col-lg-2 tablet-hidden mobile-hidden single-internal-gutter\"><div class=\"uncol style-light\" ><div class=\"uncoltable\"><div class=\"uncell no-block-padding\" ><div class=\"uncont\" ><\/div><\/div><\/div><\/div><\/div><div class=\"wpb_column pos-top pos-center align_left column_child col-lg-8 single-internal-gutter\"><div class=\"uncol style-light\" ><div class=\"uncoltable\"><div class=\"uncell no-block-padding\" ><div class=\"uncont\" ><div class=\"un-media-gallery owl-carousel-wrapper carousel-overflow-visible\">\n\t\t\n\t\n\t<div class=\"owl-carousel-container owl-carousel-loading half-gutter\" >\n\t\t\t\t\t\t\t\t\t<div id=\"gallery-135739\" class=\"owl-carousel owl-element owl-height-equal\" data-loop=\"true\" data-navmobile=\"false\" data-navspeed=\"400\" data-autoplay=\"true\" data-timeout=\"5000\" data-stagepadding=\"0\" data-lg=\"1\" data-md=\"1\" data-sm=\"1\">\n<div class=\"tmb tmb-carousel tmb-iso-h4 tmb-light tmb-overlay-gradient-bottom tmb-text-showed tmb-overlay-showed tmb-overlay-bottom tmb-overlay-text-left tmb-id-234  grid-cat-31 grid-cat-32 grid-cat-46 tmb-img-ratio tmb-media-first tmb-media-last tmb-content-overlay tmb-no-bg\" ><div class=\"t-inside no-anim\" ><div class=\"t-entry-visual\"><div class=\"t-entry-visual-tc\"><div class=\"t-entry-visual-cont\"><div class=\"dummy\" style=\"padding-top: 56.3%;\"><\/div><a  class=\"inactive-link pushed\" data-lb-index=\"0\"><div class=\"t-entry-visual-overlay\"><div class=\"t-entry-visual-overlay-in style-color-jevc-bg\" style=\"opacity: 0.2;\"><\/div><\/div><div class=\"t-overlay-wrap\"><div class=\"t-overlay-inner\">\n\t\t\t\t\t\t\t\t\t\t\t\t\t\t<div class=\"t-overlay-content\">\n\t\t\t\t\t\t\t\t\t\t\t\t\t\t\t<div class=\"t-overlay-text half-block-padding\"><div class=\"t-entry\"><p class=\"t-entry-meta\"><span>Bina Townhouse, Plovdiv, Bulg\u00e1ria<\/span><\/p><\/div><\/div><\/div><\/div><\/div><img decoding=\"async\" class=\"wp-image-234\" src=\"https:\/\/townhouse.studio\/wp-content\/uploads\/2023\/06\/IMG_0552.jpg\" width=\"2048\" height=\"1152\" alt=\"Design de sala de estar por Townhouse Studio\" srcset=\"https:\/\/townhouse.studio\/wp-content\/uploads\/2023\/06\/IMG_0552.jpg 2048w, https:\/\/townhouse.studio\/wp-content\/uploads\/2023\/06\/IMG_0552-300x169.jpg 300w, https:\/\/townhouse.studio\/wp-content\/uploads\/2023\/06\/IMG_0552-1024x576.jpg 1024w, https:\/\/townhouse.studio\/wp-content\/uploads\/2023\/06\/IMG_0552-768x432.jpg 768w, https:\/\/townhouse.studio\/wp-content\/uploads\/2023\/06\/IMG_0552-1536x864.jpg 1536w, https:\/\/townhouse.studio\/wp-content\/uploads\/2023\/06\/IMG_0552-18x10.jpg 18w, https:\/\/townhouse.studio\/wp-content\/uploads\/2023\/06\/IMG_0552-350x197.jpg 350w, https:\/\/townhouse.studio\/wp-content\/uploads\/2023\/06\/IMG_0552-600x338.jpg 600w, https:\/\/townhouse.studio\/wp-content\/uploads\/2023\/06\/IMG_0552-uai-720x405.jpg 720w, https:\/\/townhouse.studio\/wp-content\/uploads\/2023\/06\/IMG_0552-uai-1032x580.jpg 1032w\" sizes=\"(max-width: 2048px) 100vw, 2048px\" \/><\/a><\/div>\n\t\t\t\t\t<\/div>\n\t\t\t\t<\/div><\/div><\/div><div class=\"tmb tmb-carousel tmb-iso-h4 tmb-light tmb-overlay-gradient-bottom tmb-text-showed tmb-overlay-showed tmb-overlay-bottom tmb-overlay-text-left tmb-id-235  grid-cat-38 grid-cat-47 tmb-img-ratio tmb-media-first tmb-media-last tmb-content-overlay tmb-no-bg\" ><div class=\"t-inside no-anim\" ><div class=\"t-entry-visual\"><div class=\"t-entry-visual-tc\"><div class=\"t-entry-visual-cont\"><div class=\"dummy\" style=\"padding-top: 56.2%;\"><\/div><a  class=\"inactive-link pushed\" data-lb-index=\"1\"><div class=\"t-entry-visual-overlay\"><div class=\"t-entry-visual-overlay-in style-color-jevc-bg\" style=\"opacity: 0.2;\"><\/div><\/div><div class=\"t-overlay-wrap\"><div class=\"t-overlay-inner\">\n\t\t\t\t\t\t\t\t\t\t\t\t\t\t<div class=\"t-overlay-content\">\n\t\t\t\t\t\t\t\t\t\t\t\t\t\t\t<div class=\"t-overlay-text half-block-padding\"><div class=\"t-entry\"><p class=\"t-entry-meta\"><span>Mil Sue\u00f1os, Tulum, M\u00e9xico<\/span><\/p><\/div><\/div><\/div><\/div><\/div><img decoding=\"async\" class=\"wp-image-235\" src=\"https:\/\/townhouse.studio\/wp-content\/uploads\/2023\/06\/SHT-e1687873809123-uai-2017x1134.jpg\" width=\"2017\" height=\"1134\" alt=\"quarto design sobrado est\u00fadio tulum\" srcset=\"https:\/\/townhouse.studio\/wp-content\/uploads\/2023\/06\/SHT-e1687873809123-uai-2017x1134.jpg 2017w, https:\/\/townhouse.studio\/wp-content\/uploads\/2023\/06\/SHT-e1687873809123-18x10.jpg 18w, https:\/\/townhouse.studio\/wp-content\/uploads\/2023\/06\/SHT-e1687873809123-uai-720x405.jpg 720w, https:\/\/townhouse.studio\/wp-content\/uploads\/2023\/06\/SHT-e1687873809123-uai-1032x580.jpg 1032w\" sizes=\"(max-width: 2017px) 100vw, 2017px\" \/><\/a><\/div>\n\t\t\t\t\t<\/div>\n\t\t\t\t<\/div><\/div><\/div>\t\t\t<\/div>\n\t\t\t\t\t<\/div>\n\n\t\n\t\n\t\n<\/div>\n\n<\/div><\/div><\/div><\/div><\/div><div class=\"wpb_column pos-top pos-center align_left column_child col-lg-2 tablet-hidden mobile-hidden single-internal-gutter\"><div class=\"uncol style-light\" ><div class=\"uncoltable\"><div class=\"uncell no-block-padding\" ><div class=\"uncont\" ><\/div><\/div><\/div><\/div><\/div><\/div><\/div><\/div><div class=\"vc_row row-internal row-container\"><div class=\"row col-half-gutter row-child\"><div class=\"wpb_row row-inner\"><div class=\"wpb_column pos-top pos-center align_center column_child col-lg-2 tablet-hidden mobile-hidden single-internal-gutter\"><div class=\"uncol style-light\" ><div class=\"uncoltable\"><div class=\"uncell no-block-padding\" ><div class=\"uncont\" ><\/div><\/div><\/div><\/div><\/div><div class=\"wpb_column pos-top pos-center align_left column_child col-lg-4 single-internal-gutter\"><div class=\"uncol style-light\" ><div class=\"uncoltable\"><div class=\"uncell single-block-padding\" ><div class=\"uncont\" ><div class=\"uncode_text_column text-lead\" ><p>Townhouse \u00e9 um est\u00fadio de design de interiores e arquitetura baseado na Europa que trabalha remotamente com clientes de todo o mundo.<\/p>\n<p>Imaginamos um futuro onde cada casa, espa\u00e7o de trabalho ou hotel boutique seja um reflexo da personalidade, estilo de vida e valores de seu propriet\u00e1rio.<\/p>\n<\/div><\/div><\/div><\/div><\/div><\/div><div class=\"wpb_column pos-top pos-center align_left column_child col-lg-4 single-internal-gutter\"><div class=\"uncol style-light\" ><div class=\"uncoltable\"><div class=\"uncell single-block-padding\" ><div class=\"uncont\" ><div class=\"uncode_text_column text-lead\" ><p>Acreditamos que todos merecem viver e desfrutar de um ambiente esteticamente agrad\u00e1vel e funcional, e nos dedicamos a tornar isso uma realidade para nossos clientes.<\/p>\n<p>\u00c0 medida que continuamos a crescer e a expandir o nosso neg\u00f3cio, permaneceremos fi\u00e9is aos nossos valores fundamentais de integridade, profissionalismo e criatividade, e colocaremos sempre as necessidades e desejos dos nossos clientes em primeiro lugar, ao mesmo tempo que os aconselhamos em cada passo do caminho.<\/p>\n<\/div><\/div><\/div><\/div><\/div><\/div><div class=\"wpb_column pos-top pos-center align_left column_child col-lg-2 tablet-hidden mobile-hidden single-internal-gutter\"><div class=\"uncol style-light\" ><div class=\"uncoltable\"><div class=\"uncell no-block-padding\" ><div class=\"uncont\" ><\/div><\/div><\/div><\/div><\/div><\/div><\/div><\/div><div class=\"empty-space empty-single tablet-hidden mobile-hidden\" ><span class=\"empty-space-inner\"><\/span><\/div>\n<\/div><\/div><\/div><\/div><\/div><script id=\"script-row-unique-0\" data-row=\"script-row-unique-0\" type=\"text\/javascript\" class=\"vc_controls\">UNCODE.initRow(document.getElementById(\"row-unique-0\"));<\/script><\/div><\/div><\/div><div data-parent=\"true\" class=\"vc_row has-bg need-focus style-color-363389-bg row-container\" id=\"row-unique-1\"><div class=\"row full-width row-parent\" data-height-ratio=\"full\"><div class=\"wpb_row row-inner\"><div class=\"wpb_column pos-top pos-center align_center column_parent col-lg-12 single-internal-gutter\"><div class=\"uncol style-spec style-dark\"  ><div class=\"uncoltable\"><div class=\"uncell no-block-padding\" ><div class=\"uncont\" ><div class=\"vc_row row-internal row-container\"><div class=\"row row-child\"><div class=\"wpb_row row-inner\"><div class=\"wpb_column pos-top pos-center align_center column_child col-lg-2 tablet-hidden mobile-hidden single-internal-gutter\"><div class=\"uncol style-light\" ><div class=\"uncoltable\"><div class=\"uncell no-block-padding\" ><div class=\"uncont\" ><\/div><\/div><\/div><\/div><\/div><div class=\"wpb_column pos-top pos-center align_center column_child col-lg-8 single-internal-gutter\"><div class=\"uncol style-light\" ><div class=\"uncoltable\"><div class=\"uncell no-block-padding\" ><div class=\"uncont\" ><div class=\"empty-space empty-half tablet-hidden mobile-hidden\" ><span class=\"empty-space-inner\"><\/span><\/div>\n<div class=\"vc_custom_heading_wrap\"><div class=\"heading-text el-text\" ><h2 class=\"font-secondary h2 fontspace-minus3percent\" ><span>Quem n\u00f3s somos<\/span><\/h2><\/div><div class=\"clear\"><\/div><\/div><\/div><\/div><\/div><\/div><\/div><div class=\"wpb_column pos-top pos-center align_left column_child col-lg-2 tablet-hidden mobile-hidden single-internal-gutter\"><div class=\"uncol style-light\" ><div class=\"uncoltable\"><div class=\"uncell no-block-padding\" ><div class=\"uncont\" ><\/div><\/div><\/div><\/div><\/div><\/div><\/div><\/div><div class=\"vc_row row-internal row-container\"><div class=\"row col-half-gutter row-child\"><div class=\"wpb_row row-inner\"><div class=\"wpb_column pos-top pos-center align_center column_child col-lg-2 tablet-hidden mobile-hidden single-internal-gutter\"><div class=\"uncol style-light\" ><div class=\"uncoltable\"><div class=\"uncell no-block-padding\" ><div class=\"uncont\" ><\/div><\/div><\/div><\/div><\/div><div class=\"wpb_column pos-top pos-center align_left column_child col-lg-4 single-internal-gutter\"><div class=\"uncol style-light\" ><div class=\"uncoltable\"><div class=\"uncell no-block-padding\" ><div class=\"uncont\" ><div class=\"uncode-single-media  text-left\"><div class=\"single-wrapper\" style=\"max-width: 100%;\"><div class=\"uncode-single-media-wrapper single-advanced\"><div class=\"tmb tmb-light tmb-content-left  tmb-img-ratio tmb-content-under tmb-media-first tmb-no-bg\" ><div class=\"t-inside\" ><div class=\"t-entry-visual\"><div class=\"t-entry-visual-tc\"><div class=\"t-entry-visual-cont\"><div class=\"dummy\" style=\"padding-top: 125%;\"><\/div><a role=\"button\" tabindex=\"-1\" class=\"inactive-link pushed\"><div class=\"t-entry-visual-overlay\"><div class=\"t-entry-visual-overlay-in style-dark-bg\" style=\"opacity: 0.5;\"><\/div><\/div><img decoding=\"async\" class=\"wp-image-1349\" src=\"https:\/\/townhouse.studio\/wp-content\/uploads\/2024\/03\/AndreLopez-LeadArchitect-uai-1440x1800.jpg\" width=\"1440\" height=\"1800\" alt=\"\" srcset=\"https:\/\/townhouse.studio\/wp-content\/uploads\/2024\/03\/AndreLopez-LeadArchitect-uai-1440x1800.jpg 1440w, https:\/\/townhouse.studio\/wp-content\/uploads\/2024\/03\/AndreLopez-LeadArchitect-9x12.jpg 9w, https:\/\/townhouse.studio\/wp-content\/uploads\/2024\/03\/AndreLopez-LeadArchitect-uai-720x900.jpg 720w, https:\/\/townhouse.studio\/wp-content\/uploads\/2024\/03\/AndreLopez-LeadArchitect-uai-1032x1290.jpg 1032w\" sizes=\"(max-width: 1440px) 100vw, 1440px\" \/><\/a><\/div>\n\t\t\t\t\t<\/div>\n\t\t\t\t<\/div><div class=\"t-entry-text\">\n\t\t\t\t\t\t\t\t\t<div class=\"t-entry-text-tc single-block-padding\"><div class=\"t-entry\"><h3 class=\"t-entry-title h3 font-secondary\">Andr\u00e9 Lopez<\/h3><p class=\"t-entry-excerpt text-lead\">Diretor Arquitetura e Interiores<\/p><p class=\"t-entry-meta\"><span>Mestrado em Arquitetura<\/span><\/p><\/div><\/div>\n\t\t\t\t\t\t\t<\/div><\/div><\/div><\/div><\/div><\/div><div class=\"uncode_text_column\" ><p>Andres tem mais de 7 anos de experi\u00eancia em projeto e constru\u00e7\u00e3o de casas na Riviera Maya do M\u00e9xico.<\/p>\n<p>Ele trabalhou com v\u00e1rios hot\u00e9is boutique, clientes particulares e incorporadores imobili\u00e1rios de diferentes locais ao redor do mundo e os ajudou a oferecer experi\u00eancias espaciais funcionais e bonitas.<\/p>\n<\/div><\/div><\/div><\/div><\/div><\/div><div class=\"wpb_column pos-top pos-center align_left column_child col-lg-4 single-internal-gutter\"><div class=\"uncol style-light\" ><div class=\"uncoltable\"><div class=\"uncell no-block-padding\" ><div class=\"uncont\" ><div class=\"uncode-single-media  text-left\"><div class=\"single-wrapper\" style=\"max-width: 100%;\"><div class=\"uncode-single-media-wrapper single-advanced\"><div class=\"tmb tmb-light tmb-content-left  tmb-img-ratio tmb-content-under tmb-media-first tmb-no-bg\" ><div class=\"t-inside\" ><div class=\"t-entry-visual\"><div class=\"t-entry-visual-tc\"><div class=\"t-entry-visual-cont\"><div class=\"dummy\" style=\"padding-top: 125%;\"><\/div><a role=\"button\" tabindex=\"-1\" class=\"inactive-link pushed\"><div class=\"t-entry-visual-overlay\"><div class=\"t-entry-visual-overlay-in style-dark-bg\" style=\"opacity: 0.5;\"><\/div><\/div><img decoding=\"async\" class=\"wp-image-1350\" src=\"https:\/\/townhouse.studio\/wp-content\/uploads\/2024\/03\/DobsTotev-DigitalDirector-uai-1440x1800.jpg\" width=\"1440\" height=\"1800\" alt=\"\" srcset=\"https:\/\/townhouse.studio\/wp-content\/uploads\/2024\/03\/DobsTotev-DigitalDirector-uai-1440x1800.jpg 1440w, https:\/\/townhouse.studio\/wp-content\/uploads\/2024\/03\/DobsTotev-DigitalDirector-9x12.jpg 9w, https:\/\/townhouse.studio\/wp-content\/uploads\/2024\/03\/DobsTotev-DigitalDirector-uai-720x900.jpg 720w, https:\/\/townhouse.studio\/wp-content\/uploads\/2024\/03\/DobsTotev-DigitalDirector-uai-1032x1290.jpg 1032w\" sizes=\"(max-width: 1440px) 100vw, 1440px\" \/><\/a><\/div>\n\t\t\t\t\t<\/div>\n\t\t\t\t<\/div><div class=\"t-entry-text\">\n\t\t\t\t\t\t\t\t\t<div class=\"t-entry-text-tc single-block-padding\"><div class=\"t-entry\"><h3 class=\"t-entry-title h3 font-secondary\">Dobs Totev<\/h3><p class=\"t-entry-excerpt text-lead\">Diretor de Experi\u00eancia Digital e Marketing<\/p><p class=\"t-entry-meta\"><span>Licenciatura em TI de Neg\u00f3cios<\/span><\/p><\/div><\/div>\n\t\t\t\t\t\t\t<\/div><\/div><\/div><\/div><\/div><\/div><div class=\"uncode_text_column\" ><p>Dobs tem mais de 10 anos de experi\u00eancia na \u00e1rea de constru\u00e7\u00e3o e expans\u00e3o de neg\u00f3cios, desde start-ups at\u00e9 investimentos das s\u00e9ries A e B.<\/p>\n<p>Ele trabalhou para marcas globais de viagens e hospitalidade, como Soho House &amp; Contiki, e as ajudou a ampliar sua presen\u00e7a digital e de com\u00e9rcio eletr\u00f4nico.<\/p>\n<\/div><\/div><\/div><\/div><\/div><\/div><div class=\"wpb_column pos-top pos-center align_left column_child col-lg-2 tablet-hidden mobile-hidden single-internal-gutter\"><div class=\"uncol style-light\" ><div class=\"uncoltable\"><div class=\"uncell no-block-padding\" ><div class=\"uncont\" ><\/div><\/div><\/div><\/div><\/div><\/div><\/div><\/div><div class=\"empty-space empty-single tablet-hidden mobile-hidden\" ><span class=\"empty-space-inner\"><\/span><\/div>\n<\/div><\/div><\/div><\/div><\/div><script id=\"script-row-unique-1\" data-row=\"script-row-unique-1\" type=\"text\/javascript\" class=\"vc_controls\">UNCODE.initRow(document.getElementById(\"row-unique-1\"));<\/script><\/div><\/div><\/div>\n<\/div>","protected":false},"excerpt":{"rendered":"Bina Townhouse, Plovdiv, Bulgaria Mil Sue\u00f1os, Tulum, Mexico Townhouse is an interior &amp; architecture design studio based in Europe that [...]","protected":false},"author":1,"featured_media":0,"parent":0,"menu_order":0,"comment_status":"closed","ping_status":"closed","template":"","meta":{"footnotes":""},"keywords":[205,233,234,246,247,248,249,250],"class_list":["post-141","page","type-page","status-publish","hentry","keywords-price-info","keywords-about-us","keywords-who-we-are","keywords-about","keywords-history","keywords-townhouse","keywords-story","keywords-info"],"yoast_head":"<!-- This site is optimized with the Yoast SEO plugin v27.5 - https:\/\/yoast.com\/product\/yoast-seo-wordpress\/ -->\n<title>About Us - Townhouse Studio<\/title>\n<meta name=\"robots\" content=\"index, follow, max-snippet:-1, max-image-preview:large, max-video-preview:-1\" \/>\n<link rel=\"canonical\" href=\"https:\/\/townhouse.studio\/pt\/sobre\/\" \/>\n<meta property=\"og:locale\" content=\"pt_PT\" \/>\n<meta property=\"og:type\" content=\"article\" \/>\n<meta property=\"og:title\" content=\"About Us - Townhouse Studio\" \/>\n<meta property=\"og:url\" content=\"https:\/\/townhouse.studio\/pt\/sobre\/\" \/>\n<meta property=\"og:site_name\" content=\"Townhouse Studio\" \/>\n<meta property=\"article:modified_time\" content=\"2024-10-02T07:25:57+00:00\" \/>\n<meta name=\"twitter:card\" content=\"summary_large_image\" \/>\n<meta name=\"twitter:label1\" content=\"Tempo estimado de leitura\" \/>\n\t<meta name=\"twitter:data1\" content=\"3 minutos\" \/>\n<script type=\"application\/ld+json\" class=\"yoast-schema-graph\">{\"@context\":\"https:\\\/\\\/schema.org\",\"@graph\":[{\"@type\":\"WebPage\",\"@id\":\"https:\\\/\\\/townhouse.studio\\\/about\\\/\",\"url\":\"https:\\\/\\\/townhouse.studio\\\/about\\\/\",\"name\":\"About Us - Townhouse Studio\",\"isPartOf\":{\"@id\":\"https:\\\/\\\/townhouse.studio\\\/#website\"},\"datePublished\":\"2023-06-19T11:50:34+00:00\",\"dateModified\":\"2024-10-02T07:25:57+00:00\",\"breadcrumb\":{\"@id\":\"https:\\\/\\\/townhouse.studio\\\/about\\\/#breadcrumb\"},\"inLanguage\":\"pt-PT\",\"potentialAction\":[{\"@type\":\"ReadAction\",\"target\":[\"https:\\\/\\\/townhouse.studio\\\/about\\\/\"]}]},{\"@type\":\"BreadcrumbList\",\"@id\":\"https:\\\/\\\/townhouse.studio\\\/about\\\/#breadcrumb\",\"itemListElement\":[{\"@type\":\"ListItem\",\"position\":1,\"name\":\"Home\",\"item\":\"https:\\\/\\\/townhouse.studio\\\/\"},{\"@type\":\"ListItem\",\"position\":2,\"name\":\"About Us\"}]},{\"@type\":\"WebSite\",\"@id\":\"https:\\\/\\\/townhouse.studio\\\/#website\",\"url\":\"https:\\\/\\\/townhouse.studio\\\/\",\"name\":\"Townhouse\",\"description\":\"Interior Design &amp; Architecture by Arch. Andres Lopez\",\"publisher\":{\"@id\":\"https:\\\/\\\/townhouse.studio\\\/#organization\"},\"potentialAction\":[{\"@type\":\"SearchAction\",\"target\":{\"@type\":\"EntryPoint\",\"urlTemplate\":\"https:\\\/\\\/townhouse.studio\\\/?s={search_term_string}\"},\"query-input\":{\"@type\":\"PropertyValueSpecification\",\"valueRequired\":true,\"valueName\":\"search_term_string\"}}],\"inLanguage\":\"pt-PT\"},{\"@type\":\"Organization\",\"@id\":\"https:\\\/\\\/townhouse.studio\\\/#organization\",\"name\":\"Townhouse Studio Ltd.\",\"url\":\"https:\\\/\\\/townhouse.studio\\\/\",\"logo\":{\"@type\":\"ImageObject\",\"inLanguage\":\"pt-PT\",\"@id\":\"https:\\\/\\\/townhouse.studio\\\/#\\\/schema\\\/logo\\\/image\\\/\",\"url\":\"http:\\\/\\\/townhouse.studio\\\/wp-content\\\/uploads\\\/2023\\\/06\\\/townhouse-logo.svg\",\"contentUrl\":\"http:\\\/\\\/townhouse.studio\\\/wp-content\\\/uploads\\\/2023\\\/06\\\/townhouse-logo.svg\",\"width\":230,\"height\":34,\"caption\":\"Townhouse Studio Ltd.\"},\"image\":{\"@id\":\"https:\\\/\\\/townhouse.studio\\\/#\\\/schema\\\/logo\\\/image\\\/\"}}]}<\/script>\n<!-- \/ Yoast SEO plugin. -->","yoast_head_json":{"title":"Sobre n\u00f3s - Est\u00fadio Townhouse","robots":{"index":"index","follow":"follow","max-snippet":"max-snippet:-1","max-image-preview":"max-image-preview:large","max-video-preview":"max-video-preview:-1"},"canonical":"https:\/\/townhouse.studio\/pt\/sobre\/","og_locale":"pt_PT","og_type":"article","og_title":"About Us - Townhouse Studio","og_url":"https:\/\/townhouse.studio\/pt\/sobre\/","og_site_name":"Townhouse Studio","article_modified_time":"2024-10-02T07:25:57+00:00","twitter_card":"summary_large_image","twitter_misc":{"Tempo estimado de leitura":"3 minutos"},"schema":{"@context":"https:\/\/schema.org","@graph":[{"@type":"WebPage","@id":"https:\/\/townhouse.studio\/about\/","url":"https:\/\/townhouse.studio\/about\/","name":"Sobre n\u00f3s - Est\u00fadio Townhouse","isPartOf":{"@id":"https:\/\/townhouse.studio\/#website"},"datePublished":"2023-06-19T11:50:34+00:00","dateModified":"2024-10-02T07:25:57+00:00","breadcrumb":{"@id":"https:\/\/townhouse.studio\/about\/#breadcrumb"},"inLanguage":"pt-PT","potentialAction":[{"@type":"ReadAction","target":["https:\/\/townhouse.studio\/about\/"]}]},{"@type":"BreadcrumbList","@id":"https:\/\/townhouse.studio\/about\/#breadcrumb","itemListElement":[{"@type":"ListItem","position":1,"name":"Home","item":"https:\/\/townhouse.studio\/"},{"@type":"ListItem","position":2,"name":"About Us"}]},{"@type":"WebSite","@id":"https:\/\/townhouse.studio\/#website","url":"https:\/\/townhouse.studio\/","name":"Townhouse","description":"Design de Interiores e Arquitetura por Arch. Andres Lopez","publisher":{"@id":"https:\/\/townhouse.studio\/#organization"},"potentialAction":[{"@type":"SearchAction","target":{"@type":"EntryPoint","urlTemplate":"https:\/\/townhouse.studio\/?s={search_term_string}"},"query-input":{"@type":"PropertyValueSpecification","valueRequired":true,"valueName":"search_term_string"}}],"inLanguage":"pt-PT"},{"@type":"Organization","@id":"https:\/\/townhouse.studio\/#organization","name":"Est\u00fadio Townhouse Ltda.","url":"https:\/\/townhouse.studio\/","logo":{"@type":"ImageObject","inLanguage":"pt-PT","@id":"https:\/\/townhouse.studio\/#\/schema\/logo\/image\/","url":"http:\/\/townhouse.studio\/wp-content\/uploads\/2023\/06\/townhouse-logo.svg","contentUrl":"http:\/\/townhouse.studio\/wp-content\/uploads\/2023\/06\/townhouse-logo.svg","width":230,"height":34,"caption":"Townhouse Studio Ltd."},"image":{"@id":"https:\/\/townhouse.studio\/#\/schema\/logo\/image\/"}}]}},"_links":{"self":[{"href":"https:\/\/townhouse.studio\/pt\/wp-json\/wp\/v2\/pages\/141","targetHints":{"allow":["GET"]}}],"collection":[{"href":"https:\/\/townhouse.studio\/pt\/wp-json\/wp\/v2\/pages"}],"about":[{"href":"https:\/\/townhouse.studio\/pt\/wp-json\/wp\/v2\/types\/page"}],"author":[{"embeddable":true,"href":"https:\/\/townhouse.studio\/pt\/wp-json\/wp\/v2\/users\/1"}],"replies":[{"embeddable":true,"href":"https:\/\/townhouse.studio\/pt\/wp-json\/wp\/v2\/comments?post=141"}],"version-history":[{"count":8,"href":"https:\/\/townhouse.studio\/pt\/wp-json\/wp\/v2\/pages\/141\/revisions"}],"predecessor-version":[{"id":1868,"href":"https:\/\/townhouse.studio\/pt\/wp-json\/wp\/v2\/pages\/141\/revisions\/1868"}],"wp:attachment":[{"href":"https:\/\/townhouse.studio\/pt\/wp-json\/wp\/v2\/media?parent=141"}],"wp:term":[{"taxonomy":"keywords","embeddable":true,"href":"https:\/\/townhouse.studio\/pt\/wp-json\/wp\/v2\/keywords?post=141"}],"curies":[{"name":"wp","href":"https:\/\/api.w.org\/{rel}","templated":true}]}}