{"id":630,"date":"2023-07-01T16:22:18","date_gmt":"2023-07-01T16:22:18","guid":{"rendered":"http:\/\/townhouse.studio\/?page_id=630"},"modified":"2023-07-03T12:00:51","modified_gmt":"2023-07-03T12:00:51","slug":"espacos-de-vida","status":"publish","type":"page","link":"https:\/\/townhouse.studio\/pt\/collections\/living-spaces\/","title":{"rendered":"Espa\u00e7os de vida"},"content":{"rendered":"<div class=\"wpb-content-wrapper\"><div data-parent=\"true\" class=\"vc_row has-bg need-focus style-color-179963-bg row-container\" id=\"row-unique-1\"><div class=\"row single-top-padding single-bottom-padding no-h-padding full-width row-parent\" data-height-ratio=\"full\"><div class=\"wpb_row row-inner\"><div class=\"wpb_column pos-top pos-center align_left column_parent col-lg-12 single-internal-gutter\"><div class=\"uncol style-light\"  ><div class=\"uncoltable\"><div class=\"uncell no-block-padding\" ><div class=\"uncont\" ><div class=\"un-media-gallery index-scroll index-scroll-width-vh row-scroll-no-sm hor-scroll-183540 hor-scroll-vh\">\n\t\t\n\t\n\t<div class=\"index-wrapper index-scroll-wrapper clearfix px-gutter\" >\n\t\t\t\t\t\t\t\t\t<div class=\"index-row\" data-lg=\"2\" data-md=\"2\" data-sm=\"1\" data-direction=\"right\" data-vp-height=\"100\" data-vp-height-md=\"100\" data-vp-height-sm=\"100\">\n<div class=\"tmb tmb-iso-w4 tmb-iso-h4 tmb-light tmb-text-showed tmb-overlay-showed tmb-overlay-bottom tmb-overlay-text-center tmb-image-anim tmb-meta-size-large tmb-id-387  grid-cat-37 grid-cat-46 tmb-media-first tmb-media-last tmb-content-overlay tmb-no-bg tmb-lightbox\" ><div class=\"t-inside no-anim\" ><div class=\"t-entry-visual\"><div class=\"t-entry-visual-tc\"><div class=\"t-entry-visual-cont\"><a href=\"https:\/\/townhouse.studio\/wp-content\/uploads\/2023\/06\/Living-Room-3.jpg\" data-caption=\"Mayan Mansion, Playacar, Mexico\" data-lbox=\"ilightbox_gallery-295397\" data-external-thumb-image=\"https:\/\/townhouse.studio\/wp-content\/uploads\/2023\/06\/Living-Room-3-150x150.jpg\" data-lg-size=\"2048-1152\" data-lb-index=\"0\"><div class=\"t-entry-visual-overlay\"><div class=\"t-entry-visual-overlay-in style-dark-bg\" style=\"opacity: 0.01;\"><\/div><\/div><div class=\"t-overlay-wrap\"><div class=\"t-overlay-inner\">\n\t\t\t\t\t\t\t\t\t\t\t\t\t\t<div class=\"t-overlay-content\">\n\t\t\t\t\t\t\t\t\t\t\t\t\t\t\t<div class=\"t-overlay-text single-block-padding\"><div class=\"t-entry\"><p class=\"t-entry-meta\"><span>Mans\u00e3o Maia, Playacar, M\u00e9xico<\/span><\/p><\/div><\/div><\/div><\/div><\/div><div class=\"t-background-cover\" style=\"background-image:url('https:\/\/townhouse.studio\/wp-content\/uploads\/2023\/06\/Living-Room-3-uai-1152x1152.jpg')\"><\/div><\/a><\/div>\n\t\t\t\t\t<\/div>\n\t\t\t\t<\/div><\/div><\/div><div class=\"tmb tmb-iso-w4 tmb-iso-h4 tmb-light tmb-text-showed tmb-overlay-showed tmb-overlay-bottom tmb-overlay-text-center tmb-image-anim tmb-meta-size-large tmb-id-254  grid-cat-32 grid-cat-46 tmb-media-first tmb-media-last tmb-content-overlay tmb-no-bg tmb-lightbox\" ><div class=\"t-inside no-anim\" ><div class=\"t-entry-visual\"><div class=\"t-entry-visual-tc\"><div class=\"t-entry-visual-cont\"><a href=\"https:\/\/townhouse.studio\/wp-content\/uploads\/2023\/06\/Bina-Townhouse-Living-Room-2.jpg\" data-caption=\"Bina Townhouse, Plovdiv, Bulgaria\" data-lbox=\"ilightbox_gallery-295397\" data-external-thumb-image=\"https:\/\/townhouse.studio\/wp-content\/uploads\/2023\/06\/Bina-Townhouse-Living-Room-2-150x150.jpg\" data-lg-size=\"2048-1152\" data-lb-index=\"1\"><div class=\"t-entry-visual-overlay\"><div class=\"t-entry-visual-overlay-in style-dark-bg\" style=\"opacity: 0.01;\"><\/div><\/div><div class=\"t-overlay-wrap\"><div class=\"t-overlay-inner\">\n\t\t\t\t\t\t\t\t\t\t\t\t\t\t<div class=\"t-overlay-content\">\n\t\t\t\t\t\t\t\t\t\t\t\t\t\t\t<div class=\"t-overlay-text single-block-padding\"><div class=\"t-entry\"><p class=\"t-entry-meta\"><span>Bina Townhouse, Plovdiv, Bulg\u00e1ria<\/span><\/p><\/div><\/div><\/div><\/div><\/div><div class=\"t-background-cover\" style=\"background-image:url('https:\/\/townhouse.studio\/wp-content\/uploads\/2023\/06\/Bina-Townhouse-Living-Room-2-uai-1152x1152.jpg')\"><\/div><\/a><\/div>\n\t\t\t\t\t<\/div>\n\t\t\t\t<\/div><\/div><\/div><div class=\"tmb tmb-iso-w4 tmb-iso-h4 tmb-light tmb-text-showed tmb-overlay-showed tmb-overlay-bottom tmb-overlay-text-center tmb-image-anim tmb-meta-size-large tmb-id-686  grid-cat-46 grid-cat-100 tmb-media-first tmb-media-last tmb-content-overlay tmb-no-bg tmb-lightbox\" ><div class=\"t-inside no-anim\" ><div class=\"t-entry-visual\"><div class=\"t-entry-visual-tc\"><div class=\"t-entry-visual-cont\"><a href=\"https:\/\/townhouse.studio\/wp-content\/uploads\/2023\/07\/Queens-Gate-Flat-South-Kensington-Living-Room.jpg\" data-caption=\"Queen's Gate Flat, South Kensington, London\" data-lbox=\"ilightbox_gallery-295397\" data-external-thumb-image=\"https:\/\/townhouse.studio\/wp-content\/uploads\/2023\/07\/Queens-Gate-Flat-South-Kensington-Living-Room-150x150.jpg\" data-lg-size=\"2048-1152\" data-lb-index=\"2\"><div class=\"t-entry-visual-overlay\"><div class=\"t-entry-visual-overlay-in style-dark-bg\" style=\"opacity: 0.01;\"><\/div><\/div><div class=\"t-overlay-wrap\"><div class=\"t-overlay-inner\">\n\t\t\t\t\t\t\t\t\t\t\t\t\t\t<div class=\"t-overlay-content\">\n\t\t\t\t\t\t\t\t\t\t\t\t\t\t\t<div class=\"t-overlay-text single-block-padding\"><div class=\"t-entry\"><p class=\"t-entry-meta\"><span>Queen&#039;s Gate Flat, South Kensington, Londres<\/span><\/p><\/div><\/div><\/div><\/div><\/div><div class=\"t-background-cover\" style=\"background-image:url('https:\/\/townhouse.studio\/wp-content\/uploads\/2023\/07\/Queens-Gate-Flat-South-Kensington-Living-Room-uai-1152x1152.jpg')\"><\/div><\/a><\/div>\n\t\t\t\t\t<\/div>\n\t\t\t\t<\/div><\/div><\/div><div class=\"tmb tmb-iso-w4 tmb-iso-h4 tmb-light tmb-text-showed tmb-overlay-showed tmb-overlay-bottom tmb-overlay-text-center tmb-image-anim tmb-meta-size-large tmb-id-390  grid-cat-37 grid-cat-46 tmb-media-first tmb-media-last tmb-content-overlay tmb-no-bg tmb-lightbox\" ><div class=\"t-inside no-anim\" ><div class=\"t-entry-visual\"><div class=\"t-entry-visual-tc\"><div class=\"t-entry-visual-cont\"><a href=\"https:\/\/townhouse.studio\/wp-content\/uploads\/2023\/06\/Livnig-Room-2.jpg\" data-caption=\"Mayan Mansion, Playacar, Mexico\" data-lbox=\"ilightbox_gallery-295397\" data-external-thumb-image=\"https:\/\/townhouse.studio\/wp-content\/uploads\/2023\/06\/Livnig-Room-2-150x150.jpg\" data-lg-size=\"2048-1152\" data-lb-index=\"3\"><div class=\"t-entry-visual-overlay\"><div class=\"t-entry-visual-overlay-in style-dark-bg\" style=\"opacity: 0.01;\"><\/div><\/div><div class=\"t-overlay-wrap\"><div class=\"t-overlay-inner\">\n\t\t\t\t\t\t\t\t\t\t\t\t\t\t<div class=\"t-overlay-content\">\n\t\t\t\t\t\t\t\t\t\t\t\t\t\t\t<div class=\"t-overlay-text single-block-padding\"><div class=\"t-entry\"><p class=\"t-entry-meta\"><span>Mans\u00e3o Maia, Playacar, M\u00e9xico<\/span><\/p><\/div><\/div><\/div><\/div><\/div><div class=\"t-background-cover\" style=\"background-image:url('https:\/\/townhouse.studio\/wp-content\/uploads\/2023\/06\/Livnig-Room-2-uai-1152x1152.jpg')\"><\/div><\/a><\/div>\n\t\t\t\t\t<\/div>\n\t\t\t\t<\/div><\/div><\/div><div class=\"tmb tmb-iso-w4 tmb-iso-h4 tmb-light tmb-text-showed tmb-overlay-showed tmb-overlay-bottom tmb-overlay-text-center tmb-image-anim tmb-meta-size-large tmb-id-396  grid-cat-38 grid-cat-46 tmb-media-first tmb-media-last tmb-content-overlay tmb-no-bg tmb-lightbox\" ><div class=\"t-inside no-anim\" ><div class=\"t-entry-visual\"><div class=\"t-entry-visual-tc\"><div class=\"t-entry-visual-cont\"><a href=\"https:\/\/townhouse.studio\/wp-content\/uploads\/2023\/06\/Mil-Suenos-Living-Room.jpg\" data-caption=\"Mil Sue\u00f1os, Tulum, Mexico\" data-lbox=\"ilightbox_gallery-295397\" data-external-thumb-image=\"https:\/\/townhouse.studio\/wp-content\/uploads\/2023\/06\/Mil-Suenos-Living-Room-150x150.jpg\" data-lg-size=\"2048-1152\" data-lb-index=\"4\"><div class=\"t-entry-visual-overlay\"><div class=\"t-entry-visual-overlay-in style-dark-bg\" style=\"opacity: 0.01;\"><\/div><\/div><div class=\"t-overlay-wrap\"><div class=\"t-overlay-inner\">\n\t\t\t\t\t\t\t\t\t\t\t\t\t\t<div class=\"t-overlay-content\">\n\t\t\t\t\t\t\t\t\t\t\t\t\t\t\t<div class=\"t-overlay-text single-block-padding\"><div class=\"t-entry\"><p class=\"t-entry-meta\"><span>Mil Sue\u00f1os, Tulum, M\u00e9xico<\/span><\/p><\/div><\/div><\/div><\/div><\/div><div class=\"t-background-cover\" style=\"background-image:url('https:\/\/townhouse.studio\/wp-content\/uploads\/2023\/06\/Mil-Suenos-Living-Room-uai-1152x1152.jpg')\"><\/div><\/a><\/div>\n\t\t\t\t\t<\/div>\n\t\t\t\t<\/div><\/div><\/div><div class=\"tmb tmb-iso-w4 tmb-iso-h4 tmb-light tmb-text-showed tmb-overlay-showed tmb-overlay-bottom tmb-overlay-text-center tmb-image-anim tmb-meta-size-large tmb-id-234  grid-cat-31 grid-cat-32 grid-cat-46 tmb-media-first tmb-media-last tmb-content-overlay tmb-no-bg tmb-lightbox\" ><div class=\"t-inside no-anim\" ><div class=\"t-entry-visual\"><div class=\"t-entry-visual-tc\"><div class=\"t-entry-visual-cont\"><a href=\"https:\/\/townhouse.studio\/wp-content\/uploads\/2023\/06\/IMG_0552.jpg\" data-caption=\"Bina Townhouse, Plovdiv, Bulgaria\" data-lbox=\"ilightbox_gallery-295397\" data-external-thumb-image=\"https:\/\/townhouse.studio\/wp-content\/uploads\/2023\/06\/IMG_0552-150x150.jpg\" data-lg-size=\"2048-1152\" data-lb-index=\"5\"><div class=\"t-entry-visual-overlay\"><div class=\"t-entry-visual-overlay-in style-dark-bg\" style=\"opacity: 0.01;\"><\/div><\/div><div class=\"t-overlay-wrap\"><div class=\"t-overlay-inner\">\n\t\t\t\t\t\t\t\t\t\t\t\t\t\t<div class=\"t-overlay-content\">\n\t\t\t\t\t\t\t\t\t\t\t\t\t\t\t<div class=\"t-overlay-text single-block-padding\"><div class=\"t-entry\"><p class=\"t-entry-meta\"><span>Bina Townhouse, Plovdiv, Bulg\u00e1ria<\/span><\/p><\/div><\/div><\/div><\/div><\/div><div class=\"t-background-cover\" style=\"background-image:url('https:\/\/townhouse.studio\/wp-content\/uploads\/2023\/06\/IMG_0552-uai-1152x1152.jpg')\"><\/div><\/a><\/div>\n\t\t\t\t\t<\/div>\n\t\t\t\t<\/div><\/div><\/div><div class=\"tmb tmb-iso-w4 tmb-iso-h4 tmb-light tmb-text-showed tmb-overlay-showed tmb-overlay-bottom tmb-overlay-text-center tmb-image-anim tmb-meta-size-large tmb-id-416  grid-cat-40 grid-cat-46 tmb-media-first tmb-media-last tmb-content-overlay tmb-no-bg tmb-lightbox\" ><div class=\"t-inside no-anim\" ><div class=\"t-entry-visual\"><div class=\"t-entry-visual-tc\"><div class=\"t-entry-visual-cont\"><a href=\"https:\/\/townhouse.studio\/wp-content\/uploads\/2023\/06\/Casa-Tehuana-Living-Room.jpg\" data-caption=\"Casa Tehuana, Akumal, Tulum, Mexico\" data-lbox=\"ilightbox_gallery-295397\" data-external-thumb-image=\"https:\/\/townhouse.studio\/wp-content\/uploads\/2023\/06\/Casa-Tehuana-Living-Room-150x150.jpg\" data-lg-size=\"2048-1152\" data-lb-index=\"6\"><div class=\"t-entry-visual-overlay\"><div class=\"t-entry-visual-overlay-in style-dark-bg\" style=\"opacity: 0.01;\"><\/div><\/div><div class=\"t-overlay-wrap\"><div class=\"t-overlay-inner\">\n\t\t\t\t\t\t\t\t\t\t\t\t\t\t<div class=\"t-overlay-content\">\n\t\t\t\t\t\t\t\t\t\t\t\t\t\t\t<div class=\"t-overlay-text single-block-padding\"><div class=\"t-entry\"><p class=\"t-entry-meta\"><span>Casa Tehuana, Akumal, Tulum, M\u00e9xico<\/span><\/p><\/div><\/div><\/div><\/div><\/div><div class=\"t-background-cover\" style=\"background-image:url('https:\/\/townhouse.studio\/wp-content\/uploads\/2023\/06\/Casa-Tehuana-Living-Room-uai-1152x1152.jpg')\"><\/div><\/a><\/div>\n\t\t\t\t\t<\/div>\n\t\t\t\t<\/div><\/div><\/div>\t\t\t<\/div>\n\t\t\t\t\t<\/div>\n\n\t\n\t\n\t\n<\/div>\n\n<\/div><\/div><\/div><\/div><\/div><script id=\"script-row-unique-1\" data-row=\"script-row-unique-1\" type=\"text\/javascript\" class=\"vc_controls\">UNCODE.initRow(document.getElementById(\"row-unique-1\"));<\/script><\/div><\/div><\/div><div data-parent=\"true\" class=\"vc_row has-bg need-focus style-color-179963-bg row-container\" id=\"row-unique-2\"><div class=\"row limit-width row-parent\"><div class=\"wpb_row row-inner\"><div class=\"wpb_column pos-top pos-center align_left column_parent col-lg-6 single-internal-gutter\"><div class=\"uncol style-spec style-dark\"  ><div class=\"uncoltable\"><div class=\"uncell no-block-padding\" ><div class=\"uncont\" ><div class=\"uncode_text_column\" ><p>O design de espa\u00e7os residenciais \u00e9 a arte de criar um ambiente cativante e harmonioso que ressoe com a nossa ess\u00eancia. Vai al\u00e9m da mera est\u00e9tica e mergulha no reino das emo\u00e7\u00f5es, transformando casas em lares. Com sua paleta vibrante de cores, texturas e padr\u00f5es, o design do espa\u00e7o residencial tem uma capacidade incr\u00edvel de dar vida at\u00e9 mesmo aos cantos mais mon\u00f3tonos. Pinta uma sinfonia em paredes vazias, contando hist\u00f3rias atrav\u00e9s de pe\u00e7as de mobili\u00e1rio cuidadosamente escolhidas e detalhes decorativos requintados.<\/p>\n<\/div><\/div><\/div><\/div><\/div><\/div><div class=\"wpb_column pos-top pos-center align_left column_parent col-lg-6 single-internal-gutter\"><div class=\"uncol style-spec style-dark\"  ><div class=\"uncoltable\"><div class=\"uncell no-block-padding\" ><div class=\"uncont\" ><div class=\"uncode_text_column\" ><p>Cada decis\u00e3o tomada em design de interiores tem um impacto profundo na nossa vida quotidiana \u2013 desde a forma como nos movemos numa divis\u00e3o at\u00e9 \u00e0 forma como nos sentimos quando entramos nela. A disposi\u00e7\u00e3o dos m\u00f3veis pode incentivar conversas \u00edntimas ou fomentar uma sensa\u00e7\u00e3o de abertura para reuni\u00f5es; as op\u00e7\u00f5es de ilumina\u00e7\u00e3o podem criar recantos aconchegantes para relaxar ou iluminar espa\u00e7os com brilho revigorante. O design de espa\u00e7os residenciais trata da curadoria de um ambiente que n\u00e3o apenas reflita nossas personalidades, mas tamb\u00e9m as alimente \u2013 moldando espa\u00e7os onde as mem\u00f3rias nascem e s\u00e3o apreciadas nos pr\u00f3ximos anos.<\/p>\n<\/div><\/div><\/div><\/div><\/div><\/div><script id=\"script-row-unique-2\" data-row=\"script-row-unique-2\" type=\"text\/javascript\" class=\"vc_controls\">UNCODE.initRow(document.getElementById(\"row-unique-2\"));<\/script><\/div><\/div><\/div><div data-parent=\"true\" class=\"vc_row has-bg need-focus style-color-179963-bg row-container\" id=\"row-unique-4\"><div class=\"row limit-width row-parent\"><div class=\"wpb_row row-inner\"><div class=\"wpb_column pos-top pos-center align_center column_parent col-lg-12 single-internal-gutter\"><div class=\"uncol style-spec style-dark\"  ><div class=\"uncoltable\"><div class=\"uncell no-block-padding\" ><div class=\"uncont\" ><div class=\"vc_row style-color-jevc-bg row-internal row-container\"><div class=\"row row-child\"><div class=\"wpb_row row-inner\"><div class=\"wpb_column pos-top pos-center align_center column_child col-lg-12 single-internal-gutter\"><div class=\"uncol style-spec style-dark\" ><div class=\"uncoltable\"><div class=\"uncell no-block-padding\" ><div class=\"uncont\" ><div class=\"empty-space empty-half\" ><span class=\"empty-space-inner\"><\/span><\/div>\n<div class=\"vc_custom_heading_wrap\"><div class=\"heading-text el-text\" ><p class=\"h3 text-accent-color\" ><span>Vamos trabalhar juntos!<\/span><\/p><\/div><div class=\"clear\"><\/div><\/div><div class=\"uncode_text_column\" ><p>Vagas de 20 minutos dispon\u00edveis de segunda a sexta, das 22h \u00e0s 18h (CET)<\/p>\n<\/div><div class=\"empty-space empty-single\" ><span class=\"empty-space-inner\"><\/span><\/div>\n<span class=\"btn-container btn-inline btn-inline-mobile\" ><a role=\"button\"  href=\"https:\/\/townhouse.studio\/pt\/consulta\/\" class=\"custom-link btn border-width-0 btn-forced-dark-text btn-accent btn-icon-left\" title=\"Marque uma consulta GRATUITA\">Marque uma consulta GRATUITA<\/a><\/span><div class=\"empty-space empty-single\" ><span class=\"empty-space-inner\"><\/span><\/div>\n<\/div><\/div><\/div><\/div><\/div><\/div><\/div><\/div><\/div><\/div><\/div><\/div><\/div><script id=\"script-row-unique-4\" data-row=\"script-row-unique-4\" type=\"text\/javascript\" class=\"vc_controls\">UNCODE.initRow(document.getElementById(\"row-unique-4\"));<\/script><\/div><\/div><\/div>\n<\/div>","protected":false},"excerpt":{"rendered":"Mayan Mansion, Playacar, Mexico Bina Townhouse, Plovdiv, Bulgaria Queen's Gate Flat, South Kensington, London Mayan Mansion, Playacar, Mexico Mil Sue\u00f1os, [...]","protected":false},"author":1,"featured_media":0,"parent":623,"menu_order":0,"comment_status":"closed","ping_status":"closed","template":"","meta":{"footnotes":""},"keywords":[87,88,89,90,91,92,93,94,95,96,97,98],"class_list":["post-630","page","type-page","status-publish","hentry","keywords-living-room","keywords-room","keywords-living","keywords-living-space","keywords-salon","keywords-sofa","keywords-tv","keywords-94","keywords-95","keywords-rooms","keywords-cuartos","keywords-98","page_category-collections"],"yoast_head":"<!-- This site is optimized with the Yoast SEO plugin v27.5 - https:\/\/yoast.com\/product\/yoast-seo-wordpress\/ -->\n<title>Living Spaces - Townhouse Studio<\/title>\n<meta name=\"description\" content=\"Living spaces design by Townhouse Studio for comfort, cosiness and a visually appealing environment that promotes relaxation\" \/>\n<meta name=\"robots\" content=\"index, follow, max-snippet:-1, max-image-preview:large, max-video-preview:-1\" \/>\n<link rel=\"canonical\" href=\"https:\/\/townhouse.studio\/pt\/colecoes\/espacos-de-vida\/\" \/>\n<meta property=\"og:locale\" content=\"pt_PT\" \/>\n<meta property=\"og:type\" content=\"article\" \/>\n<meta property=\"og:title\" content=\"Living Spaces - Townhouse Studio\" \/>\n<meta property=\"og:description\" content=\"Living spaces design by Townhouse Studio for comfort, cosiness and a visually appealing environment that promotes relaxation\" \/>\n<meta property=\"og:url\" content=\"https:\/\/townhouse.studio\/pt\/colecoes\/espacos-de-vida\/\" \/>\n<meta property=\"og:site_name\" content=\"Townhouse Studio\" \/>\n<meta property=\"article:modified_time\" content=\"2023-07-03T12:00:51+00:00\" \/>\n<meta name=\"twitter:card\" content=\"summary_large_image\" \/>\n<meta name=\"twitter:label1\" content=\"Tempo estimado de leitura\" \/>\n\t<meta name=\"twitter:data1\" content=\"1 minuto\" \/>\n<script type=\"application\/ld+json\" class=\"yoast-schema-graph\">{\"@context\":\"https:\\\/\\\/schema.org\",\"@graph\":[{\"@type\":\"WebPage\",\"@id\":\"https:\\\/\\\/townhouse.studio\\\/collections\\\/living-spaces\\\/\",\"url\":\"https:\\\/\\\/townhouse.studio\\\/collections\\\/living-spaces\\\/\",\"name\":\"Living Spaces - Townhouse Studio\",\"isPartOf\":{\"@id\":\"https:\\\/\\\/townhouse.studio\\\/#website\"},\"datePublished\":\"2023-07-01T16:22:18+00:00\",\"dateModified\":\"2023-07-03T12:00:51+00:00\",\"description\":\"Living spaces design by Townhouse Studio for comfort, cosiness and a visually appealing environment that promotes relaxation\",\"breadcrumb\":{\"@id\":\"https:\\\/\\\/townhouse.studio\\\/collections\\\/living-spaces\\\/#breadcrumb\"},\"inLanguage\":\"pt-PT\",\"potentialAction\":[{\"@type\":\"ReadAction\",\"target\":[\"https:\\\/\\\/townhouse.studio\\\/collections\\\/living-spaces\\\/\"]}]},{\"@type\":\"BreadcrumbList\",\"@id\":\"https:\\\/\\\/townhouse.studio\\\/collections\\\/living-spaces\\\/#breadcrumb\",\"itemListElement\":[{\"@type\":\"ListItem\",\"position\":1,\"name\":\"Home\",\"item\":\"https:\\\/\\\/townhouse.studio\\\/\"},{\"@type\":\"ListItem\",\"position\":2,\"name\":\"Collections\",\"item\":\"https:\\\/\\\/townhouse.studio\\\/collections\\\/\"},{\"@type\":\"ListItem\",\"position\":3,\"name\":\"Living Spaces\"}]},{\"@type\":\"WebSite\",\"@id\":\"https:\\\/\\\/townhouse.studio\\\/#website\",\"url\":\"https:\\\/\\\/townhouse.studio\\\/\",\"name\":\"Townhouse\",\"description\":\"Interior Design &amp; Architecture by Arch. Andres Lopez\",\"publisher\":{\"@id\":\"https:\\\/\\\/townhouse.studio\\\/#organization\"},\"potentialAction\":[{\"@type\":\"SearchAction\",\"target\":{\"@type\":\"EntryPoint\",\"urlTemplate\":\"https:\\\/\\\/townhouse.studio\\\/?s={search_term_string}\"},\"query-input\":{\"@type\":\"PropertyValueSpecification\",\"valueRequired\":true,\"valueName\":\"search_term_string\"}}],\"inLanguage\":\"pt-PT\"},{\"@type\":\"Organization\",\"@id\":\"https:\\\/\\\/townhouse.studio\\\/#organization\",\"name\":\"Townhouse Studio Ltd.\",\"url\":\"https:\\\/\\\/townhouse.studio\\\/\",\"logo\":{\"@type\":\"ImageObject\",\"inLanguage\":\"pt-PT\",\"@id\":\"https:\\\/\\\/townhouse.studio\\\/#\\\/schema\\\/logo\\\/image\\\/\",\"url\":\"http:\\\/\\\/townhouse.studio\\\/wp-content\\\/uploads\\\/2023\\\/06\\\/townhouse-logo.svg\",\"contentUrl\":\"http:\\\/\\\/townhouse.studio\\\/wp-content\\\/uploads\\\/2023\\\/06\\\/townhouse-logo.svg\",\"width\":230,\"height\":34,\"caption\":\"Townhouse Studio Ltd.\"},\"image\":{\"@id\":\"https:\\\/\\\/townhouse.studio\\\/#\\\/schema\\\/logo\\\/image\\\/\"}}]}<\/script>\n<!-- \/ Yoast SEO plugin. -->","yoast_head_json":{"title":"Espa\u00e7os de conviv\u00eancia - Est\u00fadio Townhouse","description":"Espa\u00e7os residenciais projetados pelo Townhouse Studio para conforto, aconchego e um ambiente visualmente atraente que promove relaxamento","robots":{"index":"index","follow":"follow","max-snippet":"max-snippet:-1","max-image-preview":"max-image-preview:large","max-video-preview":"max-video-preview:-1"},"canonical":"https:\/\/townhouse.studio\/pt\/colecoes\/espacos-de-vida\/","og_locale":"pt_PT","og_type":"article","og_title":"Living Spaces - Townhouse Studio","og_description":"Living spaces design by Townhouse Studio for comfort, cosiness and a visually appealing environment that promotes relaxation","og_url":"https:\/\/townhouse.studio\/pt\/colecoes\/espacos-de-vida\/","og_site_name":"Townhouse Studio","article_modified_time":"2023-07-03T12:00:51+00:00","twitter_card":"summary_large_image","twitter_misc":{"Tempo estimado de leitura":"1 minuto"},"schema":{"@context":"https:\/\/schema.org","@graph":[{"@type":"WebPage","@id":"https:\/\/townhouse.studio\/collections\/living-spaces\/","url":"https:\/\/townhouse.studio\/collections\/living-spaces\/","name":"Espa\u00e7os de conviv\u00eancia - Est\u00fadio Townhouse","isPartOf":{"@id":"https:\/\/townhouse.studio\/#website"},"datePublished":"2023-07-01T16:22:18+00:00","dateModified":"2023-07-03T12:00:51+00:00","description":"Espa\u00e7os residenciais projetados pelo Townhouse Studio para conforto, aconchego e um ambiente visualmente atraente que promove relaxamento","breadcrumb":{"@id":"https:\/\/townhouse.studio\/collections\/living-spaces\/#breadcrumb"},"inLanguage":"pt-PT","potentialAction":[{"@type":"ReadAction","target":["https:\/\/townhouse.studio\/collections\/living-spaces\/"]}]},{"@type":"BreadcrumbList","@id":"https:\/\/townhouse.studio\/collections\/living-spaces\/#breadcrumb","itemListElement":[{"@type":"ListItem","position":1,"name":"Home","item":"https:\/\/townhouse.studio\/"},{"@type":"ListItem","position":2,"name":"Collections","item":"https:\/\/townhouse.studio\/collections\/"},{"@type":"ListItem","position":3,"name":"Living Spaces"}]},{"@type":"WebSite","@id":"https:\/\/townhouse.studio\/#website","url":"https:\/\/townhouse.studio\/","name":"Townhouse","description":"Design de Interiores e Arquitetura por Arch. Andres Lopez","publisher":{"@id":"https:\/\/townhouse.studio\/#organization"},"potentialAction":[{"@type":"SearchAction","target":{"@type":"EntryPoint","urlTemplate":"https:\/\/townhouse.studio\/?s={search_term_string}"},"query-input":{"@type":"PropertyValueSpecification","valueRequired":true,"valueName":"search_term_string"}}],"inLanguage":"pt-PT"},{"@type":"Organization","@id":"https:\/\/townhouse.studio\/#organization","name":"Est\u00fadio Townhouse Ltda.","url":"https:\/\/townhouse.studio\/","logo":{"@type":"ImageObject","inLanguage":"pt-PT","@id":"https:\/\/townhouse.studio\/#\/schema\/logo\/image\/","url":"http:\/\/townhouse.studio\/wp-content\/uploads\/2023\/06\/townhouse-logo.svg","contentUrl":"http:\/\/townhouse.studio\/wp-content\/uploads\/2023\/06\/townhouse-logo.svg","width":230,"height":34,"caption":"Townhouse Studio Ltd."},"image":{"@id":"https:\/\/townhouse.studio\/#\/schema\/logo\/image\/"}}]}},"_links":{"self":[{"href":"https:\/\/townhouse.studio\/pt\/wp-json\/wp\/v2\/pages\/630","targetHints":{"allow":["GET"]}}],"collection":[{"href":"https:\/\/townhouse.studio\/pt\/wp-json\/wp\/v2\/pages"}],"about":[{"href":"https:\/\/townhouse.studio\/pt\/wp-json\/wp\/v2\/types\/page"}],"author":[{"embeddable":true,"href":"https:\/\/townhouse.studio\/pt\/wp-json\/wp\/v2\/users\/1"}],"replies":[{"embeddable":true,"href":"https:\/\/townhouse.studio\/pt\/wp-json\/wp\/v2\/comments?post=630"}],"version-history":[{"count":0,"href":"https:\/\/townhouse.studio\/pt\/wp-json\/wp\/v2\/pages\/630\/revisions"}],"up":[{"embeddable":true,"href":"https:\/\/townhouse.studio\/pt\/wp-json\/wp\/v2\/pages\/623"}],"wp:attachment":[{"href":"https:\/\/townhouse.studio\/pt\/wp-json\/wp\/v2\/media?parent=630"}],"wp:term":[{"taxonomy":"keywords","embeddable":true,"href":"https:\/\/townhouse.studio\/pt\/wp-json\/wp\/v2\/keywords?post=630"}],"curies":[{"name":"wp","href":"https:\/\/api.w.org\/{rel}","templated":true}]}}